{"id":1105,"date":"2022-02-07T15:26:41","date_gmt":"2022-02-07T15:26:41","guid":{"rendered":"https:\/\/www.art-greed.com\/?page_id=1105"},"modified":"2022-02-07T18:52:11","modified_gmt":"2022-02-07T18:52:11","slug":"axel-bunt-und-glaenzend","status":"publish","type":"page","link":"https:\/\/www.art-greed.com\/?page_id=1105","title":{"rendered":"Axel Bunt und Gl\u00e4nzend"},"content":{"rendered":"\t\t<div data-elementor-type=\"wp-page\" data-elementor-id=\"1105\" class=\"elementor elementor-1105\">\n\t\t\t\t\t\t<section class=\"elementor-section elementor-top-section elementor-element elementor-element-ef04d03 elementor-section-boxed elementor-section-height-default elementor-section-height-default\" data-id=\"ef04d03\" data-element_type=\"section\" data-e-type=\"section\">\n\t\t\t\t\t\t<div class=\"elementor-container elementor-column-gap-default\">\n\t\t\t\t\t<div class=\"elementor-column elementor-col-100 elementor-top-column elementor-element elementor-element-85559a2\" data-id=\"85559a2\" data-element_type=\"column\" data-e-type=\"column\">\n\t\t\t<div class=\"elementor-widget-wrap elementor-element-populated\">\n\t\t\t\t\t\t<div class=\"elementor-element elementor-element-785b8e2 elementor-widget elementor-widget-heading\" data-id=\"785b8e2\" data-element_type=\"widget\" data-e-type=\"widget\" data-widget_type=\"heading.default\">\n\t\t\t\t<div class=\"elementor-widget-container\">\n\t\t\t\t\t<h2 class=\"elementor-heading-title elementor-size-large\">Axel Bunt und Gl\u00e4nzend<\/h2>\t\t\t\t<\/div>\n\t\t\t\t<\/div>\n\t\t\t\t\t<\/div>\n\t\t<\/div>\n\t\t\t\t\t<\/div>\n\t\t<\/section>\n\t\t\t\t<section class=\"elementor-section elementor-top-section elementor-element elementor-element-36f60ee elementor-section-boxed elementor-section-height-default elementor-section-height-default\" data-id=\"36f60ee\" data-element_type=\"section\" data-e-type=\"section\">\n\t\t\t\t\t\t<div class=\"elementor-container elementor-column-gap-default\">\n\t\t\t\t\t<div class=\"elementor-column elementor-col-100 elementor-top-column elementor-element elementor-element-ace0d15\" data-id=\"ace0d15\" data-element_type=\"column\" data-e-type=\"column\">\n\t\t\t<div class=\"elementor-widget-wrap elementor-element-populated\">\n\t\t\t\t\t\t<div class=\"elementor-element elementor-element-08a890e elementor-widget elementor-widget-spacer\" data-id=\"08a890e\" data-element_type=\"widget\" data-e-type=\"widget\" data-widget_type=\"spacer.default\">\n\t\t\t\t<div class=\"elementor-widget-container\">\n\t\t\t\t\t\t\t<div class=\"elementor-spacer\">\n\t\t\t<div class=\"elementor-spacer-inner\"><\/div>\n\t\t<\/div>\n\t\t\t\t\t\t<\/div>\n\t\t\t\t<\/div>\n\t\t\t\t<div class=\"elementor-element elementor-element-445eba9 elementor-widget elementor-widget-text-editor\" data-id=\"445eba9\" data-element_type=\"widget\" data-e-type=\"widget\" data-widget_type=\"text-editor.default\">\n\t\t\t\t<div class=\"elementor-widget-container\">\n\t\t\t\t\t\t\t\t\t<p>Axel Bunt ist ein exzentrischer K\u00fcnstler aus Berlin, der in seinen Kunstwerken die Grenzen der Malerei verlassen hat, um ein 3D-Erlebnis zu gew\u00e4hrleisten. Er erschafft Reliefs bzw. Wandskulpturen, die weit in den Raum herausragen und damit den Eindruck erwecken, als w\u00fcrden die dargestellten Figuren der Leinwand entfliehen, um in unserer dreidimensionalen Welt ihre Geschichte zu erz\u00e4hlen.<\/p><p>Die Kunstwerke von Axel Bunt sind aus vielen Schichten aus MDF und Kapa gemacht und mit der sehr leuchtenden Perlacryl-Farbe koloriert, die zus\u00e4tzlich einen metallisch schimmernden Effekt hervorruft. Diese extreme Leuchtkraft repr\u00e4sentiert die positive Lebenseinstellung des K\u00fcnstlers, denn f\u00fcr Axel Bunt ist der Optimismus alternativlos. Axel Bunt und Gl\u00e4nzend erschafft fantasievolle Welten, die den Betrachter mit positiver Energie aufladen. Seine Kunstwerke sind gut durchdacht und haben eine humoristische Note, was man vor allem an den prickelnden Titeln erkennt. Allen seinen Arbeiten ist gemein, dass die Tierfiguren sinnbildlich f\u00fcr die M\u00e4nner stehen, die dem Charme einer Femme Fatale hilflos ausgeliefert sind.<\/p>\t\t\t\t\t\t\t\t<\/div>\n\t\t\t\t<\/div>\n\t\t\t\t\t<\/div>\n\t\t<\/div>\n\t\t\t\t\t<\/div>\n\t\t<\/section>\n\t\t\t\t<section class=\"elementor-section elementor-top-section elementor-element elementor-element-5283ed0 elementor-section-boxed elementor-section-height-default elementor-section-height-default\" data-id=\"5283ed0\" data-element_type=\"section\" data-e-type=\"section\">\n\t\t\t\t\t\t<div class=\"elementor-container elementor-column-gap-default\">\n\t\t\t\t\t<div class=\"elementor-column elementor-col-100 elementor-top-column elementor-element elementor-element-a40ca5f\" data-id=\"a40ca5f\" data-element_type=\"column\" data-e-type=\"column\">\n\t\t\t<div class=\"elementor-widget-wrap elementor-element-populated\">\n\t\t\t\t\t\t<div class=\"elementor-element elementor-element-cb43fa0 elementor-widget elementor-widget-video\" data-id=\"cb43fa0\" data-element_type=\"widget\" data-e-type=\"widget\" data-settings=\"{&quot;video_type&quot;:&quot;hosted&quot;,&quot;autoplay&quot;:&quot;yes&quot;,&quot;play_on_mobile&quot;:&quot;yes&quot;,&quot;loop&quot;:&quot;yes&quot;}\" data-widget_type=\"video.default\">\n\t\t\t\t<div class=\"elementor-widget-container\">\n\t\t\t\t\t\t\t<div class=\"e-hosted-video elementor-wrapper elementor-open-inline\">\n\t\t\t\t\t<video class=\"elementor-video\" src=\"https:\/\/www.art-greed.com\/wp-content\/uploads\/2022\/02\/VID-20211202-WA0005_1-1.mp4\" autoplay=\"\" loop=\"\" playsinline=\"\" controlsList=\"nodownload\"><\/video>\n\t\t\t\t<\/div>\n\t\t\t\t\t\t<\/div>\n\t\t\t\t<\/div>\n\t\t\t\t\t<\/div>\n\t\t<\/div>\n\t\t\t\t\t<\/div>\n\t\t<\/section>\n\t\t\t\t<section class=\"elementor-section elementor-top-section elementor-element elementor-element-d3fa23b elementor-section-boxed elementor-section-height-default elementor-section-height-default\" data-id=\"d3fa23b\" data-element_type=\"section\" data-e-type=\"section\">\n\t\t\t\t\t\t<div class=\"elementor-container elementor-column-gap-default\">\n\t\t\t\t\t<div class=\"elementor-column elementor-col-100 elementor-top-column elementor-element elementor-element-64c89b4\" data-id=\"64c89b4\" data-element_type=\"column\" data-e-type=\"column\">\n\t\t\t<div class=\"elementor-widget-wrap elementor-element-populated\">\n\t\t\t\t\t\t<div class=\"elementor-element elementor-element-16de069 elementor-widget elementor-widget-image-gallery\" data-id=\"16de069\" data-element_type=\"widget\" data-e-type=\"widget\" data-widget_type=\"image-gallery.default\">\n\t\t\t\t<div class=\"elementor-widget-container\">\n\t\t\t\t\t\t\t<div class=\"elementor-image-gallery\">\n\t\t\t<div id='gallery-1' class='gallery galleryid-1105 gallery-columns-3 gallery-size-medium'><figure class='gallery-item'>\n\t\t\t<div class='gallery-icon landscape'>\n\t\t\t\t<a data-elementor-open-lightbox=\"yes\" data-elementor-lightbox-slideshow=\"16de069\" data-elementor-lightbox-title=\"Stay horniii\" data-elementor-lightbox-description=\"Stay horniii, Perlacryl und Schlagmetall (Gold) auf MDF und Kapa, 129 x 89 x 61 cm, 53 Schichten\" data-e-action-hash=\"#elementor-action%3Aaction%3Dlightbox%26settings%3DeyJpZCI6MTEzMCwidXJsIjoiaHR0cHM6XC9cL3d3dy5hcnQtZ3JlZWQuY29tXC93cC1jb250ZW50XC91cGxvYWRzXC8yMDIyXC8wMlwvSG9ybmlpaS1BeGVsLXNjYWxlZC5qcGciLCJzbGlkZXNob3ciOiIxNmRlMDY5In0%3D\" href='https:\/\/www.art-greed.com\/wp-content\/uploads\/2022\/02\/Horniii-Axel-scaled.jpg'><img fetchpriority=\"high\" decoding=\"async\" width=\"300\" height=\"206\" src=\"https:\/\/www.art-greed.com\/wp-content\/uploads\/2022\/02\/Horniii-Axel-300x206.jpg\" class=\"attachment-medium size-medium\" alt=\"\" aria-describedby=\"gallery-1-1130\" srcset=\"https:\/\/www.art-greed.com\/wp-content\/uploads\/2022\/02\/Horniii-Axel-300x206.jpg 300w, https:\/\/www.art-greed.com\/wp-content\/uploads\/2022\/02\/Horniii-Axel-1024x704.jpg 1024w, https:\/\/www.art-greed.com\/wp-content\/uploads\/2022\/02\/Horniii-Axel-768x528.jpg 768w, https:\/\/www.art-greed.com\/wp-content\/uploads\/2022\/02\/Horniii-Axel-1536x1056.jpg 1536w, https:\/\/www.art-greed.com\/wp-content\/uploads\/2022\/02\/Horniii-Axel-2048x1409.jpg 2048w\" sizes=\"(max-width: 300px) 100vw, 300px\" \/><\/a>\n\t\t\t<\/div>\n\t\t\t\t<figcaption class='wp-caption-text gallery-caption' id='gallery-1-1130'>\n\t\t\t\tStay horniii, Perlacryl und Schlagmetall (Gold) auf MDF und Kapa, 129 x 89 x 61 cm, 53 Schichten\n\t\t\t\t<\/figcaption><\/figure><figure class='gallery-item'>\n\t\t\t<div class='gallery-icon landscape'>\n\t\t\t\t<a data-elementor-open-lightbox=\"yes\" data-elementor-lightbox-slideshow=\"16de069\" data-elementor-lightbox-title=\"Show me yours and I show you mine\" data-elementor-lightbox-description=\"Show me yours and I show you mine, Perlacryl und Schlagmetall auf MDF und Kapa, 93 x 73 x 21 cm, 12 Schichten\" data-e-action-hash=\"#elementor-action%3Aaction%3Dlightbox%26settings%3DeyJpZCI6MTEzMiwidXJsIjoiaHR0cHM6XC9cL3d3dy5hcnQtZ3JlZWQuY29tXC93cC1jb250ZW50XC91cGxvYWRzXC8yMDIyXC8wMlwvU2hvdy1tZS5qcGciLCJzbGlkZXNob3ciOiIxNmRlMDY5In0%3D\" href='https:\/\/www.art-greed.com\/wp-content\/uploads\/2022\/02\/Show-me.jpg'><img decoding=\"async\" width=\"300\" height=\"220\" src=\"https:\/\/www.art-greed.com\/wp-content\/uploads\/2022\/02\/Show-me-300x220.jpg\" class=\"attachment-medium size-medium\" alt=\"\" aria-describedby=\"gallery-1-1132\" srcset=\"https:\/\/www.art-greed.com\/wp-content\/uploads\/2022\/02\/Show-me-300x220.jpg 300w, https:\/\/www.art-greed.com\/wp-content\/uploads\/2022\/02\/Show-me-768x563.jpg 768w, https:\/\/www.art-greed.com\/wp-content\/uploads\/2022\/02\/Show-me.jpg 1024w\" sizes=\"(max-width: 300px) 100vw, 300px\" \/><\/a>\n\t\t\t<\/div>\n\t\t\t\t<figcaption class='wp-caption-text gallery-caption' id='gallery-1-1132'>\n\t\t\t\tShow me yours and I show you mine, Perlacryl und Schlagmetall auf MDF und Kapa, 93 x 73 x 21 cm, 12 Schichten\n\t\t\t\t<\/figcaption><\/figure><figure class='gallery-item'>\n\t\t\t<div class='gallery-icon landscape'>\n\t\t\t\t<a data-elementor-open-lightbox=\"yes\" data-elementor-lightbox-slideshow=\"16de069\" data-elementor-lightbox-title=\"Wanna play?\" data-elementor-lightbox-description=\"Wanna play?, Perlacryl auf MDF und Kapa, 100 x 70 x 11 cm, 11 Schichten\" data-e-action-hash=\"#elementor-action%3Aaction%3Dlightbox%26settings%3DeyJpZCI6MTEzNSwidXJsIjoiaHR0cHM6XC9cL3d3dy5hcnQtZ3JlZWQuY29tXC93cC1jb250ZW50XC91cGxvYWRzXC8yMDIyXC8wMlwvV2FubmEtcGxheS1BeGVsLmpwZyIsInNsaWRlc2hvdyI6IjE2ZGUwNjkifQ%3D%3D\" href='https:\/\/www.art-greed.com\/wp-content\/uploads\/2022\/02\/Wanna-play-Axel.jpg'><img decoding=\"async\" width=\"300\" height=\"215\" src=\"https:\/\/www.art-greed.com\/wp-content\/uploads\/2022\/02\/Wanna-play-Axel-300x215.jpg\" class=\"attachment-medium size-medium\" alt=\"\" aria-describedby=\"gallery-1-1135\" srcset=\"https:\/\/www.art-greed.com\/wp-content\/uploads\/2022\/02\/Wanna-play-Axel-300x215.jpg 300w, https:\/\/www.art-greed.com\/wp-content\/uploads\/2022\/02\/Wanna-play-Axel-1024x734.jpg 1024w, https:\/\/www.art-greed.com\/wp-content\/uploads\/2022\/02\/Wanna-play-Axel-768x550.jpg 768w, https:\/\/www.art-greed.com\/wp-content\/uploads\/2022\/02\/Wanna-play-Axel-1536x1101.jpg 1536w, https:\/\/www.art-greed.com\/wp-content\/uploads\/2022\/02\/Wanna-play-Axel-2048x1468.jpg 2048w\" sizes=\"(max-width: 300px) 100vw, 300px\" \/><\/a>\n\t\t\t<\/div>\n\t\t\t\t<figcaption class='wp-caption-text gallery-caption' id='gallery-1-1135'>\n\t\t\t\tWanna play?, Perlacryl auf MDF und Kapa, 100 x 70 x 11 cm, 11 Schichten\n\t\t\t\t<\/figcaption><\/figure><figure class='gallery-item'>\n\t\t\t<div class='gallery-icon landscape'>\n\t\t\t\t<a data-elementor-open-lightbox=\"yes\" data-elementor-lightbox-slideshow=\"16de069\" data-elementor-lightbox-title=\"Wanna see your underwear\" data-elementor-lightbox-description=\"Wanna see your underwear, Perlacryl auf MDF und Kapa, 114 x 82 x 7 cm, 15 Schichten\" data-e-action-hash=\"#elementor-action%3Aaction%3Dlightbox%26settings%3DeyJpZCI6MTEzNywidXJsIjoiaHR0cHM6XC9cL3d3dy5hcnQtZ3JlZWQuY29tXC93cC1jb250ZW50XC91cGxvYWRzXC8yMDIyXC8wMlwvd2FubmEtc2VlLXlvdXItdW5kZXJ3ZWFyLXNjYWxlZC5qcGciLCJzbGlkZXNob3ciOiIxNmRlMDY5In0%3D\" href='https:\/\/www.art-greed.com\/wp-content\/uploads\/2022\/02\/wanna-see-your-underwear-scaled.jpg'><img loading=\"lazy\" decoding=\"async\" width=\"300\" height=\"215\" src=\"https:\/\/www.art-greed.com\/wp-content\/uploads\/2022\/02\/wanna-see-your-underwear-300x215.jpg\" class=\"attachment-medium size-medium\" alt=\"\" aria-describedby=\"gallery-1-1137\" srcset=\"https:\/\/www.art-greed.com\/wp-content\/uploads\/2022\/02\/wanna-see-your-underwear-300x215.jpg 300w, https:\/\/www.art-greed.com\/wp-content\/uploads\/2022\/02\/wanna-see-your-underwear-1024x732.jpg 1024w, https:\/\/www.art-greed.com\/wp-content\/uploads\/2022\/02\/wanna-see-your-underwear-768x549.jpg 768w, https:\/\/www.art-greed.com\/wp-content\/uploads\/2022\/02\/wanna-see-your-underwear-1536x1098.jpg 1536w, https:\/\/www.art-greed.com\/wp-content\/uploads\/2022\/02\/wanna-see-your-underwear-2048x1465.jpg 2048w\" sizes=\"(max-width: 300px) 100vw, 300px\" \/><\/a>\n\t\t\t<\/div>\n\t\t\t\t<figcaption class='wp-caption-text gallery-caption' id='gallery-1-1137'>\n\t\t\t\tWanna see your underwear, Perlacryl auf MDF und Kapa, 114 x 82 x 7 cm, 15 Schichten\n\t\t\t\t<\/figcaption><\/figure><figure class='gallery-item'>\n\t\t\t<div class='gallery-icon landscape'>\n\t\t\t\t<a data-elementor-open-lightbox=\"yes\" data-elementor-lightbox-slideshow=\"16de069\" data-elementor-lightbox-title=\"M\u00f6pse\" data-elementor-lightbox-description=\"M\u00f6pse f\u00fcr Vers\u00f6hnung und Weltfrieden, Perlacryl auf MDF und Kapa.\" data-e-action-hash=\"#elementor-action%3Aaction%3Dlightbox%26settings%3DeyJpZCI6MTEzOCwidXJsIjoiaHR0cHM6XC9cL3d3dy5hcnQtZ3JlZWQuY29tXC93cC1jb250ZW50XC91cGxvYWRzXC8yMDIyXC8wMlwvTW9lcHNlLmpwZyIsInNsaWRlc2hvdyI6IjE2ZGUwNjkifQ%3D%3D\" href='https:\/\/www.art-greed.com\/wp-content\/uploads\/2022\/02\/Moepse.jpg'><img loading=\"lazy\" decoding=\"async\" width=\"300\" height=\"200\" src=\"https:\/\/www.art-greed.com\/wp-content\/uploads\/2022\/02\/Moepse-300x200.jpg\" class=\"attachment-medium size-medium\" alt=\"\" aria-describedby=\"gallery-1-1138\" srcset=\"https:\/\/www.art-greed.com\/wp-content\/uploads\/2022\/02\/Moepse-300x200.jpg 300w, https:\/\/www.art-greed.com\/wp-content\/uploads\/2022\/02\/Moepse-1024x683.jpg 1024w, https:\/\/www.art-greed.com\/wp-content\/uploads\/2022\/02\/Moepse-768x512.jpg 768w, https:\/\/www.art-greed.com\/wp-content\/uploads\/2022\/02\/Moepse-1536x1024.jpg 1536w, https:\/\/www.art-greed.com\/wp-content\/uploads\/2022\/02\/Moepse.jpg 1968w\" sizes=\"(max-width: 300px) 100vw, 300px\" \/><\/a>\n\t\t\t<\/div>\n\t\t\t\t<figcaption class='wp-caption-text gallery-caption' id='gallery-1-1138'>\n\t\t\t\tM\u00f6pse f\u00fcr Vers\u00f6hnung und Weltfrieden, Perlacryl auf MDF und Kapa.\n\t\t\t\t<\/figcaption><\/figure><figure class='gallery-item'>\n\t\t\t<div class='gallery-icon landscape'>\n\t\t\t\t<a data-elementor-open-lightbox=\"yes\" data-elementor-lightbox-slideshow=\"16de069\" data-elementor-lightbox-title=\"world in my eyes\" data-elementor-lightbox-description=\"World in my eyes, Perlacryl und Schlagmetall (Silber) auf MDF, 104 x 133 x 5 cm, 5 Schichten\" data-e-action-hash=\"#elementor-action%3Aaction%3Dlightbox%26settings%3DeyJpZCI6MTEzOSwidXJsIjoiaHR0cHM6XC9cL3d3dy5hcnQtZ3JlZWQuY29tXC93cC1jb250ZW50XC91cGxvYWRzXC8yMDIyXC8wMlwvd29ybGQtaW4tbXktZXllczIuanBnIiwic2xpZGVzaG93IjoiMTZkZTA2OSJ9\" href='https:\/\/www.art-greed.com\/wp-content\/uploads\/2022\/02\/world-in-my-eyes2.jpg'><img loading=\"lazy\" decoding=\"async\" width=\"300\" height=\"235\" src=\"https:\/\/www.art-greed.com\/wp-content\/uploads\/2022\/02\/world-in-my-eyes2-300x235.jpg\" class=\"attachment-medium size-medium\" alt=\"\" aria-describedby=\"gallery-1-1139\" srcset=\"https:\/\/www.art-greed.com\/wp-content\/uploads\/2022\/02\/world-in-my-eyes2-300x235.jpg 300w, https:\/\/www.art-greed.com\/wp-content\/uploads\/2022\/02\/world-in-my-eyes2-1024x803.jpg 1024w, https:\/\/www.art-greed.com\/wp-content\/uploads\/2022\/02\/world-in-my-eyes2-768x602.jpg 768w, https:\/\/www.art-greed.com\/wp-content\/uploads\/2022\/02\/world-in-my-eyes2.jpg 1473w\" sizes=\"(max-width: 300px) 100vw, 300px\" \/><\/a>\n\t\t\t<\/div>\n\t\t\t\t<figcaption class='wp-caption-text gallery-caption' id='gallery-1-1139'>\n\t\t\t\tWorld in my eyes, Perlacryl und Schlagmetall (Silber) auf MDF, 104 x 133 x 5 cm, 5 Schichten\n\t\t\t\t<\/figcaption><\/figure><figure class='gallery-item'>\n\t\t\t<div class='gallery-icon landscape'>\n\t\t\t\t<a data-elementor-open-lightbox=\"yes\" data-elementor-lightbox-slideshow=\"16de069\" data-elementor-lightbox-title=\"Swarm in Pink\" data-elementor-lightbox-description=\"Wimmeln in Pink, Perlacryl und Schlagmetall (Gold) auf MDF, 69 x 76 x 7 cm, 9 Schichten\" data-e-action-hash=\"#elementor-action%3Aaction%3Dlightbox%26settings%3DeyJpZCI6MTE0MCwidXJsIjoiaHR0cHM6XC9cL3d3dy5hcnQtZ3JlZWQuY29tXC93cC1jb250ZW50XC91cGxvYWRzXC8yMDIyXC8wMlwvV2ltbWVsbi1pbi1QaW5rMi5qcGciLCJzbGlkZXNob3ciOiIxNmRlMDY5In0%3D\" href='https:\/\/www.art-greed.com\/wp-content\/uploads\/2022\/02\/Wimmeln-in-Pink2.jpg'><img loading=\"lazy\" decoding=\"async\" width=\"300\" height=\"280\" src=\"https:\/\/www.art-greed.com\/wp-content\/uploads\/2022\/02\/Wimmeln-in-Pink2-300x280.jpg\" class=\"attachment-medium size-medium\" alt=\"\" aria-describedby=\"gallery-1-1140\" srcset=\"https:\/\/www.art-greed.com\/wp-content\/uploads\/2022\/02\/Wimmeln-in-Pink2-300x280.jpg 300w, https:\/\/www.art-greed.com\/wp-content\/uploads\/2022\/02\/Wimmeln-in-Pink2-768x716.jpg 768w, https:\/\/www.art-greed.com\/wp-content\/uploads\/2022\/02\/Wimmeln-in-Pink2.jpg 977w\" sizes=\"(max-width: 300px) 100vw, 300px\" \/><\/a>\n\t\t\t<\/div>\n\t\t\t\t<figcaption class='wp-caption-text gallery-caption' id='gallery-1-1140'>\n\t\t\t\tWimmeln in Pink, Perlacryl und Schlagmetall (Gold) auf MDF, 69 x 76 x 7 cm, 9 Schichten\n\t\t\t\t<\/figcaption><\/figure>\n\t\t<\/div>\n\t\t<\/div>\n\t\t\t\t\t\t<\/div>\n\t\t\t\t<\/div>\n\t\t\t\t\t<\/div>\n\t\t<\/div>\n\t\t\t\t\t<\/div>\n\t\t<\/section>\n\t\t\t\t<section class=\"elementor-section elementor-top-section elementor-element elementor-element-d7695c9 elementor-section-boxed elementor-section-height-default elementor-section-height-default\" data-id=\"d7695c9\" data-element_type=\"section\" data-e-type=\"section\">\n\t\t\t\t\t\t<div class=\"elementor-container elementor-column-gap-default\">\n\t\t\t\t\t<div class=\"elementor-column elementor-col-100 elementor-top-column elementor-element elementor-element-c45dd88\" data-id=\"c45dd88\" data-element_type=\"column\" data-e-type=\"column\">\n\t\t\t<div class=\"elementor-widget-wrap\">\n\t\t\t\t\t\t\t<\/div>\n\t\t<\/div>\n\t\t\t\t\t<\/div>\n\t\t<\/section>\n\t\t\t\t<\/div>\n\t\t","protected":false},"excerpt":{"rendered":"<p>Axel Bunt und Gl\u00e4nzend Axel Bunt ist ein exzentrischer K\u00fcnstler aus Berlin, der in seinen Kunstwerken die Grenzen der Malerei verlassen hat, um ein 3D-Erlebnis zu gew\u00e4hrleisten. Er erschafft Reliefs bzw. Wandskulpturen, die weit in den Raum herausragen und damit den Eindruck erwecken, als w\u00fcrden die dargestellten Figuren der Leinwand entfliehen, um in unserer dreidimensionalen [&hellip;]<\/p>\n","protected":false},"author":1,"featured_media":0,"parent":0,"menu_order":0,"comment_status":"closed","ping_status":"closed","template":"","meta":{"ocean_post_layout":"","ocean_both_sidebars_style":"","ocean_both_sidebars_content_width":0,"ocean_both_sidebars_sidebars_width":0,"ocean_sidebar":"0","ocean_second_sidebar":"0","ocean_disable_margins":"enable","ocean_add_body_class":"","ocean_shortcode_before_top_bar":"","ocean_shortcode_after_top_bar":"","ocean_shortcode_before_header":"","ocean_shortcode_after_header":"","ocean_has_shortcode":"","ocean_shortcode_after_title":"","ocean_shortcode_before_footer_widgets":"","ocean_shortcode_after_footer_widgets":"","ocean_shortcode_before_footer_bottom":"","ocean_shortcode_after_footer_bottom":"","ocean_display_top_bar":"default","ocean_display_header":"default","ocean_header_style":"","ocean_center_header_left_menu":"0","ocean_custom_header_template":"0","ocean_custom_logo":0,"ocean_custom_retina_logo":0,"ocean_custom_logo_max_width":0,"ocean_custom_logo_tablet_max_width":0,"ocean_custom_logo_mobile_max_width":0,"ocean_custom_logo_max_height":0,"ocean_custom_logo_tablet_max_height":0,"ocean_custom_logo_mobile_max_height":0,"ocean_header_custom_menu":"0","ocean_menu_typo_font_family":"0","ocean_menu_typo_font_subset":"","ocean_menu_typo_font_size":0,"ocean_menu_typo_font_size_tablet":0,"ocean_menu_typo_font_size_mobile":0,"ocean_menu_typo_font_size_unit":"px","ocean_menu_typo_font_weight":"","ocean_menu_typo_font_weight_tablet":"","ocean_menu_typo_font_weight_mobile":"","ocean_menu_typo_transform":"","ocean_menu_typo_transform_tablet":"","ocean_menu_typo_transform_mobile":"","ocean_menu_typo_line_height":0,"ocean_menu_typo_line_height_tablet":0,"ocean_menu_typo_line_height_mobile":0,"ocean_menu_typo_line_height_unit":"","ocean_menu_typo_spacing":0,"ocean_menu_typo_spacing_tablet":0,"ocean_menu_typo_spacing_mobile":0,"ocean_menu_typo_spacing_unit":"","ocean_menu_link_color":"","ocean_menu_link_color_hover":"","ocean_menu_link_color_active":"","ocean_menu_link_background":"","ocean_menu_link_hover_background":"","ocean_menu_link_active_background":"","ocean_menu_social_links_bg":"","ocean_menu_social_hover_links_bg":"","ocean_menu_social_links_color":"","ocean_menu_social_hover_links_color":"","ocean_disable_title":"on","ocean_disable_heading":"default","ocean_post_title":"","ocean_post_subheading":"","ocean_post_title_style":"","ocean_post_title_background_color":"","ocean_post_title_background":0,"ocean_post_title_bg_image_position":"","ocean_post_title_bg_image_attachment":"","ocean_post_title_bg_image_repeat":"","ocean_post_title_bg_image_size":"","ocean_post_title_height":0,"ocean_post_title_bg_overlay":0.5,"ocean_post_title_bg_overlay_color":"","ocean_disable_breadcrumbs":"default","ocean_breadcrumbs_color":"","ocean_breadcrumbs_separator_color":"","ocean_breadcrumbs_links_color":"","ocean_breadcrumbs_links_hover_color":"","ocean_display_footer_widgets":"default","ocean_display_footer_bottom":"default","ocean_custom_footer_template":"0","footnotes":""},"class_list":["post-1105","page","type-page","status-publish","hentry","entry"],"_links":{"self":[{"href":"https:\/\/www.art-greed.com\/index.php?rest_route=\/wp\/v2\/pages\/1105","targetHints":{"allow":["GET"]}}],"collection":[{"href":"https:\/\/www.art-greed.com\/index.php?rest_route=\/wp\/v2\/pages"}],"about":[{"href":"https:\/\/www.art-greed.com\/index.php?rest_route=\/wp\/v2\/types\/page"}],"author":[{"embeddable":true,"href":"https:\/\/www.art-greed.com\/index.php?rest_route=\/wp\/v2\/users\/1"}],"replies":[{"embeddable":true,"href":"https:\/\/www.art-greed.com\/index.php?rest_route=%2Fwp%2Fv2%2Fcomments&post=1105"}],"version-history":[{"count":37,"href":"https:\/\/www.art-greed.com\/index.php?rest_route=\/wp\/v2\/pages\/1105\/revisions"}],"predecessor-version":[{"id":1173,"href":"https:\/\/www.art-greed.com\/index.php?rest_route=\/wp\/v2\/pages\/1105\/revisions\/1173"}],"wp:attachment":[{"href":"https:\/\/www.art-greed.com\/index.php?rest_route=%2Fwp%2Fv2%2Fmedia&parent=1105"}],"curies":[{"name":"wp","href":"https:\/\/api.w.org\/{rel}","templated":true}]}}