{"id":197,"date":"2019-10-16T20:51:37","date_gmt":"2019-10-16T20:51:37","guid":{"rendered":"https:\/\/www.art-greed.com\/?page_id=197"},"modified":"2022-02-07T22:44:05","modified_gmt":"2022-02-07T22:44:05","slug":"julia-ihnatenko","status":"publish","type":"page","link":"https:\/\/www.art-greed.com\/?page_id=197","title":{"rendered":"Julia Ihnatenko"},"content":{"rendered":"\t\t<div data-elementor-type=\"wp-page\" data-elementor-id=\"197\" class=\"elementor elementor-197\">\n\t\t\t\t\t\t<section class=\"elementor-section elementor-top-section elementor-element elementor-element-9f384f1 elementor-section-boxed elementor-section-height-default elementor-section-height-default\" data-id=\"9f384f1\" data-element_type=\"section\" data-e-type=\"section\">\n\t\t\t\t\t\t<div class=\"elementor-container elementor-column-gap-default\">\n\t\t\t\t\t<div class=\"elementor-column elementor-col-100 elementor-top-column elementor-element elementor-element-1d91144\" data-id=\"1d91144\" data-element_type=\"column\" data-e-type=\"column\">\n\t\t\t<div class=\"elementor-widget-wrap elementor-element-populated\">\n\t\t\t\t\t\t<div class=\"elementor-element elementor-element-4d82783 elementor-widget elementor-widget-spacer\" data-id=\"4d82783\" data-element_type=\"widget\" data-e-type=\"widget\" data-widget_type=\"spacer.default\">\n\t\t\t\t<div class=\"elementor-widget-container\">\n\t\t\t\t\t\t\t<div class=\"elementor-spacer\">\n\t\t\t<div class=\"elementor-spacer-inner\"><\/div>\n\t\t<\/div>\n\t\t\t\t\t\t<\/div>\n\t\t\t\t<\/div>\n\t\t\t\t<div class=\"elementor-element elementor-element-80ebf41 elementor-widget elementor-widget-heading\" data-id=\"80ebf41\" data-element_type=\"widget\" data-e-type=\"widget\" data-widget_type=\"heading.default\">\n\t\t\t\t<div class=\"elementor-widget-container\">\n\t\t\t\t\t<h2 class=\"elementor-heading-title elementor-size-default\">Julia Ihnatenko<\/h2>\t\t\t\t<\/div>\n\t\t\t\t<\/div>\n\t\t\t\t<div class=\"elementor-element elementor-element-ee0ea68 elementor-widget elementor-widget-text-editor\" data-id=\"ee0ea68\" data-element_type=\"widget\" data-e-type=\"widget\" data-widget_type=\"text-editor.default\">\n\t\t\t\t<div class=\"elementor-widget-container\">\n\t\t\t\t\t\t\t\t\t<p style=\"text-align: center;\">Julia kommt aus einer K\u00fcnstlerfamilie und ist die Tochter von Halyna Hamelink-Ihnatenko. Julia arbeitet in der gleichen Technik wie ihre Mutter und erg\u00e4nzt deren kreativen Umgang mit der Farbe auf eine einzigartige Art und Weise. Die reliefartigen Farbschichten scheinen zu brodeln, als seien sie in Bewegung, wie ein lebendiger Lavastrom.<br \/>Julia arbeitet sehr expressiv. Jedes ihrer Werke ist eine emotionale Entladung auf die Leinwand und spiegelt den seelischen Zustand der K\u00fcnstlerin zum Entstehungszeitpunkt des Kunstwerkes. Um Gef\u00fchl zu charakterisieren bzw. zu verbildlichen greift Julia Ihnatenko zur intensiven Farbe, welche sie dann passend zum Gem\u00fctszustand auf der Leinwand flie\u00dfen oder explodieren l\u00e4sst.<\/p>\t\t\t\t\t\t\t\t<\/div>\n\t\t\t\t<\/div>\n\t\t\t\t<div class=\"elementor-element elementor-element-0bf5d71 elementor-widget elementor-widget-image-gallery\" data-id=\"0bf5d71\" data-element_type=\"widget\" data-e-type=\"widget\" data-widget_type=\"image-gallery.default\">\n\t\t\t\t<div class=\"elementor-widget-container\">\n\t\t\t\t\t\t\t<div class=\"elementor-image-gallery\">\n\t\t\t<div id='gallery-1' class='gallery galleryid-197 gallery-columns-3 gallery-size-medium'><figure class='gallery-item'>\n\t\t\t<div class='gallery-icon landscape'>\n\t\t\t\t<a data-elementor-open-lightbox=\"yes\" data-elementor-lightbox-slideshow=\"0bf5d71\" data-elementor-lightbox-title=\"Black and White\" data-elementor-lightbox-description=\"Schwarz-Wei\u00df, Acryl\/ Silikon\u00f6l auf Leinwand, 70 x 70 cm \" data-e-action-hash=\"#elementor-action%3Aaction%3Dlightbox%26settings%3DeyJpZCI6MjE3LCJ1cmwiOiJodHRwczpcL1wvd3d3LmFydC1ncmVlZC5jb21cL3dwLWNvbnRlbnRcL3VwbG9hZHNcLzIwMTlcLzEwXC9KdWxpYS1zd2Fyei11bmQtd2VpczkuanBnIiwic2xpZGVzaG93IjoiMGJmNWQ3MSJ9\" href='https:\/\/www.art-greed.com\/wp-content\/uploads\/2019\/10\/Julia-swarz-und-weis9.jpg'><img fetchpriority=\"high\" decoding=\"async\" width=\"300\" height=\"297\" src=\"https:\/\/www.art-greed.com\/wp-content\/uploads\/2019\/10\/Julia-swarz-und-weis9-300x297.jpg\" class=\"attachment-medium size-medium\" alt=\"\" aria-describedby=\"gallery-1-217\" srcset=\"https:\/\/www.art-greed.com\/wp-content\/uploads\/2019\/10\/Julia-swarz-und-weis9-300x297.jpg 300w, https:\/\/www.art-greed.com\/wp-content\/uploads\/2019\/10\/Julia-swarz-und-weis9-150x150.jpg 150w, https:\/\/www.art-greed.com\/wp-content\/uploads\/2019\/10\/Julia-swarz-und-weis9-768x759.jpg 768w, https:\/\/www.art-greed.com\/wp-content\/uploads\/2019\/10\/Julia-swarz-und-weis9-1024x1012.jpg 1024w, https:\/\/www.art-greed.com\/wp-content\/uploads\/2019\/10\/Julia-swarz-und-weis9.jpg 1634w\" sizes=\"(max-width: 300px) 100vw, 300px\" \/><\/a>\n\t\t\t<\/div>\n\t\t\t\t<figcaption class='wp-caption-text gallery-caption' id='gallery-1-217'>\n\t\t\t\tSchwarz-Wei\u00df, Acryl\/ Silikon\u00f6l auf Leinwand, 70 x 70 cm \n\t\t\t\t<\/figcaption><\/figure><figure class='gallery-item'>\n\t\t\t<div class='gallery-icon portrait'>\n\t\t\t\t<a data-elementor-open-lightbox=\"yes\" data-elementor-lightbox-slideshow=\"0bf5d71\" data-elementor-lightbox-title=\"Explosion of emotion\" data-elementor-lightbox-description=\"Explosion der Emotionen, Acryl\/ Silikon\u00f6l auf Leinwand, 70 x 70 cm \" data-e-action-hash=\"#elementor-action%3Aaction%3Dlightbox%26settings%3DeyJpZCI6MjIxLCJ1cmwiOiJodHRwczpcL1wvd3d3LmFydC1ncmVlZC5jb21cL3dwLWNvbnRlbnRcL3VwbG9hZHNcLzIwMTlcLzEwXC9KdWxpYS4tRXhwbG9zaW9uLWRlci1FbW90aW9uZW4uanBnIiwic2xpZGVzaG93IjoiMGJmNWQ3MSJ9\" href='https:\/\/www.art-greed.com\/wp-content\/uploads\/2019\/10\/Julia.-Explosion-der-Emotionen.jpg'><img decoding=\"async\" width=\"300\" height=\"300\" src=\"https:\/\/www.art-greed.com\/wp-content\/uploads\/2019\/10\/Julia.-Explosion-der-Emotionen-300x300.jpg\" class=\"attachment-medium size-medium\" alt=\"\" aria-describedby=\"gallery-1-221\" srcset=\"https:\/\/www.art-greed.com\/wp-content\/uploads\/2019\/10\/Julia.-Explosion-der-Emotionen-300x300.jpg 300w, https:\/\/www.art-greed.com\/wp-content\/uploads\/2019\/10\/Julia.-Explosion-der-Emotionen-150x150.jpg 150w, https:\/\/www.art-greed.com\/wp-content\/uploads\/2019\/10\/Julia.-Explosion-der-Emotionen-1019x1024.jpg 1019w, https:\/\/www.art-greed.com\/wp-content\/uploads\/2019\/10\/Julia.-Explosion-der-Emotionen.jpg 1949w\" sizes=\"(max-width: 300px) 100vw, 300px\" \/><\/a>\n\t\t\t<\/div>\n\t\t\t\t<figcaption class='wp-caption-text gallery-caption' id='gallery-1-221'>\n\t\t\t\tExplosion der Emotionen, Acryl\/ Silikon\u00f6l auf Leinwand, 70 x 70 cm \n\t\t\t\t<\/figcaption><\/figure><figure class='gallery-item'>\n\t\t\t<div class='gallery-icon portrait'>\n\t\t\t\t<a data-elementor-open-lightbox=\"yes\" data-elementor-lightbox-slideshow=\"0bf5d71\" data-elementor-lightbox-title=\"Blood-Cross\" data-elementor-lightbox-description=\"Blutkreuz, Acryl\/ Silikon\u00f6l auf Leinwand, 70 x 70 cm \" data-e-action-hash=\"#elementor-action%3Aaction%3Dlightbox%26settings%3DeyJpZCI6MjIwLCJ1cmwiOiJodHRwczpcL1wvd3d3LmFydC1ncmVlZC5jb21cL3dwLWNvbnRlbnRcL3VwbG9hZHNcLzIwMTlcLzEwXC9KdWxpYS4tQmx1dGtyZXV6LmpwZyIsInNsaWRlc2hvdyI6IjBiZjVkNzEifQ%3D%3D\" href='https:\/\/www.art-greed.com\/wp-content\/uploads\/2019\/10\/Julia.-Blutkreuz.jpg'><img decoding=\"async\" width=\"300\" height=\"300\" src=\"https:\/\/www.art-greed.com\/wp-content\/uploads\/2019\/10\/Julia.-Blutkreuz-300x300.jpg\" class=\"attachment-medium size-medium\" alt=\"\" aria-describedby=\"gallery-1-220\" srcset=\"https:\/\/www.art-greed.com\/wp-content\/uploads\/2019\/10\/Julia.-Blutkreuz-300x300.jpg 300w, https:\/\/www.art-greed.com\/wp-content\/uploads\/2019\/10\/Julia.-Blutkreuz-150x150.jpg 150w, https:\/\/www.art-greed.com\/wp-content\/uploads\/2019\/10\/Julia.-Blutkreuz-768x768.jpg 768w, https:\/\/www.art-greed.com\/wp-content\/uploads\/2019\/10\/Julia.-Blutkreuz-1024x1024.jpg 1024w, https:\/\/www.art-greed.com\/wp-content\/uploads\/2019\/10\/Julia.-Blutkreuz.jpg 1793w\" sizes=\"(max-width: 300px) 100vw, 300px\" \/><\/a>\n\t\t\t<\/div>\n\t\t\t\t<figcaption class='wp-caption-text gallery-caption' id='gallery-1-220'>\n\t\t\t\tBlutkreuz, Acryl\/ Silikon\u00f6l auf Leinwand, 70 x 70 cm \n\t\t\t\t<\/figcaption><\/figure><figure class='gallery-item'>\n\t\t\t<div class='gallery-icon portrait'>\n\t\t\t\t<a data-elementor-open-lightbox=\"yes\" data-elementor-lightbox-slideshow=\"0bf5d71\" data-elementor-lightbox-title=\"Spring\" data-elementor-lightbox-description=\"Der Fr\u00fchling, Acryl\/ Silikon\u00f6l auf Leinwand, 70 x 70 cm \" data-e-action-hash=\"#elementor-action%3Aaction%3Dlightbox%26settings%3DeyJpZCI6MjE5LCJ1cmwiOiJodHRwczpcL1wvd3d3LmFydC1ncmVlZC5jb21cL3dwLWNvbnRlbnRcL3VwbG9hZHNcLzIwMTlcLzEwXC9KdWxpYS12ZXNuYTguanBnIiwic2xpZGVzaG93IjoiMGJmNWQ3MSJ9\" href='https:\/\/www.art-greed.com\/wp-content\/uploads\/2019\/10\/Julia-vesna8.jpg'><img loading=\"lazy\" decoding=\"async\" width=\"296\" height=\"300\" src=\"https:\/\/www.art-greed.com\/wp-content\/uploads\/2019\/10\/Julia-vesna8-296x300.jpg\" class=\"attachment-medium size-medium\" alt=\"\" aria-describedby=\"gallery-1-219\" srcset=\"https:\/\/www.art-greed.com\/wp-content\/uploads\/2019\/10\/Julia-vesna8-296x300.jpg 296w, https:\/\/www.art-greed.com\/wp-content\/uploads\/2019\/10\/Julia-vesna8-768x779.jpg 768w, https:\/\/www.art-greed.com\/wp-content\/uploads\/2019\/10\/Julia-vesna8-1010x1024.jpg 1010w, https:\/\/www.art-greed.com\/wp-content\/uploads\/2019\/10\/Julia-vesna8.jpg 1785w\" sizes=\"(max-width: 296px) 100vw, 296px\" \/><\/a>\n\t\t\t<\/div>\n\t\t\t\t<figcaption class='wp-caption-text gallery-caption' id='gallery-1-219'>\n\t\t\t\tDer Fr\u00fchling, Acryl\/ Silikon\u00f6l auf Leinwand, 70 x 70 cm \n\t\t\t\t<\/figcaption><\/figure><figure class='gallery-item'>\n\t\t\t<div class='gallery-icon portrait'>\n\t\t\t\t<a data-elementor-open-lightbox=\"yes\" data-elementor-lightbox-slideshow=\"0bf5d71\" data-elementor-lightbox-title=\"Melted Romance\" data-elementor-lightbox-description=\"Geschmolzene Romantik, Acryl\/ Silikon\u00f6l auf Leinwand, 70 x 70 cm \" data-e-action-hash=\"#elementor-action%3Aaction%3Dlightbox%26settings%3DeyJpZCI6MjIyLCJ1cmwiOiJodHRwczpcL1wvd3d3LmFydC1ncmVlZC5jb21cL3dwLWNvbnRlbnRcL3VwbG9hZHNcLzIwMTlcLzEwXC9KdWxpYS4tR2VzY2htb2x6ZW5lLVJvbWFudGlrLmpwZyIsInNsaWRlc2hvdyI6IjBiZjVkNzEifQ%3D%3D\" href='https:\/\/www.art-greed.com\/wp-content\/uploads\/2019\/10\/Julia.-Geschmolzene-Romantik.jpg'><img loading=\"lazy\" decoding=\"async\" width=\"296\" height=\"300\" src=\"https:\/\/www.art-greed.com\/wp-content\/uploads\/2019\/10\/Julia.-Geschmolzene-Romantik-296x300.jpg\" class=\"attachment-medium size-medium\" alt=\"\" aria-describedby=\"gallery-1-222\" srcset=\"https:\/\/www.art-greed.com\/wp-content\/uploads\/2019\/10\/Julia.-Geschmolzene-Romantik-296x300.jpg 296w, https:\/\/www.art-greed.com\/wp-content\/uploads\/2019\/10\/Julia.-Geschmolzene-Romantik-768x779.jpg 768w, https:\/\/www.art-greed.com\/wp-content\/uploads\/2019\/10\/Julia.-Geschmolzene-Romantik-1010x1024.jpg 1010w, https:\/\/www.art-greed.com\/wp-content\/uploads\/2019\/10\/Julia.-Geschmolzene-Romantik.jpg 1698w\" sizes=\"(max-width: 296px) 100vw, 296px\" \/><\/a>\n\t\t\t<\/div>\n\t\t\t\t<figcaption class='wp-caption-text gallery-caption' id='gallery-1-222'>\n\t\t\t\tGeschmolzene Romantik, Acryl\/ Silikon\u00f6l auf Leinwand, 70 x 70 cm \n\t\t\t\t<\/figcaption><\/figure>\n\t\t<\/div>\n\t\t<\/div>\n\t\t\t\t\t\t<\/div>\n\t\t\t\t<\/div>\n\t\t\t\t\t<\/div>\n\t\t<\/div>\n\t\t\t\t\t<\/div>\n\t\t<\/section>\n\t\t\t\t<\/div>\n\t\t","protected":false},"excerpt":{"rendered":"<p>Julia Ihnatenko Julia kommt aus einer K\u00fcnstlerfamilie und ist die Tochter von Halyna Hamelink-Ihnatenko. Julia arbeitet in der gleichen Technik wie ihre Mutter und erg\u00e4nzt deren kreativen Umgang mit der Farbe auf eine einzigartige Art und Weise. Die reliefartigen Farbschichten scheinen zu brodeln, als seien sie in Bewegung, wie ein lebendiger Lavastrom. Julia arbeitet sehr [&hellip;]<\/p>\n","protected":false},"author":1,"featured_media":0,"parent":0,"menu_order":0,"comment_status":"closed","ping_status":"closed","template":"","meta":{"ocean_post_layout":"full-screen","ocean_both_sidebars_style":"","ocean_both_sidebars_content_width":0,"ocean_both_sidebars_sidebars_width":0,"ocean_sidebar":"0","ocean_second_sidebar":"0","ocean_disable_margins":"enable","ocean_add_body_class":"","ocean_shortcode_before_top_bar":"","ocean_shortcode_after_top_bar":"","ocean_shortcode_before_header":"","ocean_shortcode_after_header":"","ocean_has_shortcode":"","ocean_shortcode_after_title":"","ocean_shortcode_before_footer_widgets":"","ocean_shortcode_after_footer_widgets":"","ocean_shortcode_before_footer_bottom":"","ocean_shortcode_after_footer_bottom":"","ocean_display_top_bar":"default","ocean_display_header":"default","ocean_header_style":"","ocean_center_header_left_menu":"0","ocean_custom_header_template":"0","ocean_custom_logo":0,"ocean_custom_retina_logo":0,"ocean_custom_logo_max_width":0,"ocean_custom_logo_tablet_max_width":0,"ocean_custom_logo_mobile_max_width":0,"ocean_custom_logo_max_height":0,"ocean_custom_logo_tablet_max_height":0,"ocean_custom_logo_mobile_max_height":0,"ocean_header_custom_menu":"0","ocean_menu_typo_font_family":"0","ocean_menu_typo_font_subset":"","ocean_menu_typo_font_size":0,"ocean_menu_typo_font_size_tablet":0,"ocean_menu_typo_font_size_mobile":0,"ocean_menu_typo_font_size_unit":"px","ocean_menu_typo_font_weight":"","ocean_menu_typo_font_weight_tablet":"","ocean_menu_typo_font_weight_mobile":"","ocean_menu_typo_transform":"","ocean_menu_typo_transform_tablet":"","ocean_menu_typo_transform_mobile":"","ocean_menu_typo_line_height":0,"ocean_menu_typo_line_height_tablet":0,"ocean_menu_typo_line_height_mobile":0,"ocean_menu_typo_line_height_unit":"","ocean_menu_typo_spacing":0,"ocean_menu_typo_spacing_tablet":0,"ocean_menu_typo_spacing_mobile":0,"ocean_menu_typo_spacing_unit":"","ocean_menu_link_color":"","ocean_menu_link_color_hover":"","ocean_menu_link_color_active":"","ocean_menu_link_background":"","ocean_menu_link_hover_background":"","ocean_menu_link_active_background":"","ocean_menu_social_links_bg":"","ocean_menu_social_hover_links_bg":"","ocean_menu_social_links_color":"","ocean_menu_social_hover_links_color":"","ocean_disable_title":"on","ocean_disable_heading":"default","ocean_post_title":"","ocean_post_subheading":"","ocean_post_title_style":"","ocean_post_title_background_color":"","ocean_post_title_background":0,"ocean_post_title_bg_image_position":"","ocean_post_title_bg_image_attachment":"","ocean_post_title_bg_image_repeat":"","ocean_post_title_bg_image_size":"","ocean_post_title_height":0,"ocean_post_title_bg_overlay":0.5,"ocean_post_title_bg_overlay_color":"","ocean_disable_breadcrumbs":"default","ocean_breadcrumbs_color":"","ocean_breadcrumbs_separator_color":"","ocean_breadcrumbs_links_color":"","ocean_breadcrumbs_links_hover_color":"","ocean_display_footer_widgets":"default","ocean_display_footer_bottom":"default","ocean_custom_footer_template":"0","footnotes":""},"class_list":["post-197","page","type-page","status-publish","hentry","entry"],"_links":{"self":[{"href":"https:\/\/www.art-greed.com\/index.php?rest_route=\/wp\/v2\/pages\/197","targetHints":{"allow":["GET"]}}],"collection":[{"href":"https:\/\/www.art-greed.com\/index.php?rest_route=\/wp\/v2\/pages"}],"about":[{"href":"https:\/\/www.art-greed.com\/index.php?rest_route=\/wp\/v2\/types\/page"}],"author":[{"embeddable":true,"href":"https:\/\/www.art-greed.com\/index.php?rest_route=\/wp\/v2\/users\/1"}],"replies":[{"embeddable":true,"href":"https:\/\/www.art-greed.com\/index.php?rest_route=%2Fwp%2Fv2%2Fcomments&post=197"}],"version-history":[{"count":18,"href":"https:\/\/www.art-greed.com\/index.php?rest_route=\/wp\/v2\/pages\/197\/revisions"}],"predecessor-version":[{"id":1306,"href":"https:\/\/www.art-greed.com\/index.php?rest_route=\/wp\/v2\/pages\/197\/revisions\/1306"}],"wp:attachment":[{"href":"https:\/\/www.art-greed.com\/index.php?rest_route=%2Fwp%2Fv2%2Fmedia&parent=197"}],"curies":[{"name":"wp","href":"https:\/\/api.w.org\/{rel}","templated":true}]}}