{"id":264,"date":"2019-10-20T18:30:30","date_gmt":"2019-10-20T18:30:30","guid":{"rendered":"https:\/\/www.art-greed.com\/?page_id=264"},"modified":"2022-02-07T22:45:35","modified_gmt":"2022-02-07T22:45:35","slug":"julia-malvine","status":"publish","type":"page","link":"https:\/\/www.art-greed.com\/?page_id=264","title":{"rendered":"Julia Malvine"},"content":{"rendered":"\t\t<div data-elementor-type=\"wp-page\" data-elementor-id=\"264\" class=\"elementor elementor-264\">\n\t\t\t\t\t\t<section class=\"elementor-section elementor-top-section elementor-element elementor-element-157fd0d elementor-section-boxed elementor-section-height-default elementor-section-height-default\" data-id=\"157fd0d\" data-element_type=\"section\" data-e-type=\"section\">\n\t\t\t\t\t\t<div class=\"elementor-container elementor-column-gap-default\">\n\t\t\t\t\t<div class=\"elementor-column elementor-col-100 elementor-top-column elementor-element elementor-element-a0233d7\" data-id=\"a0233d7\" data-element_type=\"column\" data-e-type=\"column\">\n\t\t\t<div class=\"elementor-widget-wrap elementor-element-populated\">\n\t\t\t\t\t\t<div class=\"elementor-element elementor-element-dc2ae59 elementor-widget elementor-widget-spacer\" data-id=\"dc2ae59\" data-element_type=\"widget\" data-e-type=\"widget\" data-widget_type=\"spacer.default\">\n\t\t\t\t<div class=\"elementor-widget-container\">\n\t\t\t\t\t\t\t<div class=\"elementor-spacer\">\n\t\t\t<div class=\"elementor-spacer-inner\"><\/div>\n\t\t<\/div>\n\t\t\t\t\t\t<\/div>\n\t\t\t\t<\/div>\n\t\t\t\t<div class=\"elementor-element elementor-element-e27bf23 elementor-widget elementor-widget-heading\" data-id=\"e27bf23\" data-element_type=\"widget\" data-e-type=\"widget\" data-widget_type=\"heading.default\">\n\t\t\t\t<div class=\"elementor-widget-container\">\n\t\t\t\t\t<h2 class=\"elementor-heading-title elementor-size-default\">Julia Malvine<\/h2>\t\t\t\t<\/div>\n\t\t\t\t<\/div>\n\t\t\t\t<div class=\"elementor-element elementor-element-bf2537c elementor-widget elementor-widget-text-editor\" data-id=\"bf2537c\" data-element_type=\"widget\" data-e-type=\"widget\" data-widget_type=\"text-editor.default\">\n\t\t\t\t<div class=\"elementor-widget-container\">\n\t\t\t\t\t\t\t\t\t<p style=\"text-align: center;\">Die Kunst von Malvine ist \u00fcberwiegend dem Tierreich gewidmet und zeichnet sich durch eine sehr realistische Naturdarstellung aus. Mit Liebe zum Detail werden die Mitglieder verschiedener Tierarten portr\u00e4tiert und mit feinen Pinselstrichen ausgearbeitet. Es handelt sich um kleinformatige, nahezu filigrane Kunstwerke. Dabei h\u00e4lt die K\u00fcnstlerin sich an den klassischer Malstil, der den alten Meistern nachempfunden wurde.\u00a0\u00a0\u00a0\u00a0\u00a0\u00a0 \u00a0<\/p><p style=\"text-align: center;\">Charakteristisch f\u00fcr Malvines Kunst sind au\u00dfergew\u00f6hnliche Bildausschnitte in der Komposition. Gleichzeitig spielt die K\u00fcnstlerin auch mit der Farbe. Einige Gem\u00e4lde sind farblich homogen, wo die Farbpalette des vorderen Bildbereichs mit der des Hintergrundes harmonisiert. Andere Werke dagegen setzten auf den Kontrast zwischen Vorder- und Hintergrund. Dabei heben sich die Tiermotive von der Umgebung, in der sie dargestellt werden, deutlich ab. Nicht selten tragen die Kunstwerke von Malvine eine humoristische Note und hauchen dem Kunstwerk Leben ein.<\/p>\t\t\t\t\t\t\t\t<\/div>\n\t\t\t\t<\/div>\n\t\t\t\t<div class=\"elementor-element elementor-element-b6e2311 elementor-widget elementor-widget-accordion\" data-id=\"b6e2311\" data-element_type=\"widget\" data-e-type=\"widget\" data-widget_type=\"accordion.default\">\n\t\t\t\t<div class=\"elementor-widget-container\">\n\t\t\t\t\t\t\t<div class=\"elementor-accordion\">\n\t\t\t\t\t\t\t<div class=\"elementor-accordion-item\">\n\t\t\t\t\t<div id=\"elementor-tab-title-1911\" class=\"elementor-tab-title\" data-tab=\"1\" role=\"button\" aria-controls=\"elementor-tab-content-1911\" aria-expanded=\"false\">\n\t\t\t\t\t\t\t\t\t\t\t\t\t<span class=\"elementor-accordion-icon elementor-accordion-icon-left\" aria-hidden=\"true\">\n\t\t\t\t\t\t\t\t\t\t\t\t\t\t\t<span class=\"elementor-accordion-icon-closed\"><i class=\"fas fa-plus\"><\/i><\/span>\n\t\t\t\t\t\t\t\t<span class=\"elementor-accordion-icon-opened\"><i class=\"fas fa-minus\"><\/i><\/span>\n\t\t\t\t\t\t\t\t\t\t\t\t\t\t<\/span>\n\t\t\t\t\t\t\t\t\t\t\t\t<a class=\"elementor-accordion-title\" tabindex=\"0\">Biografie<\/a>\n\t\t\t\t\t<\/div>\n\t\t\t\t\t<div id=\"elementor-tab-content-1911\" class=\"elementor-tab-content elementor-clearfix\" data-tab=\"1\" role=\"region\" aria-labelledby=\"elementor-tab-title-1911\"><p>1980 in Berlin geboren<\/p><p>Lebt und arbeitet als freischaffende K\u00fcnstlerin in Berlin<\/p><\/div>\n\t\t\t\t<\/div>\n\t\t\t\t\t\t\t<div class=\"elementor-accordion-item\">\n\t\t\t\t\t<div id=\"elementor-tab-title-1912\" class=\"elementor-tab-title\" data-tab=\"2\" role=\"button\" aria-controls=\"elementor-tab-content-1912\" aria-expanded=\"false\">\n\t\t\t\t\t\t\t\t\t\t\t\t\t<span class=\"elementor-accordion-icon elementor-accordion-icon-left\" aria-hidden=\"true\">\n\t\t\t\t\t\t\t\t\t\t\t\t\t\t\t<span class=\"elementor-accordion-icon-closed\"><i class=\"fas fa-plus\"><\/i><\/span>\n\t\t\t\t\t\t\t\t<span class=\"elementor-accordion-icon-opened\"><i class=\"fas fa-minus\"><\/i><\/span>\n\t\t\t\t\t\t\t\t\t\t\t\t\t\t<\/span>\n\t\t\t\t\t\t\t\t\t\t\t\t<a class=\"elementor-accordion-title\" tabindex=\"0\">Ausstellungen<\/a>\n\t\t\t\t\t<\/div>\n\t\t\t\t\t<div id=\"elementor-tab-content-1912\" class=\"elementor-tab-content elementor-clearfix\" data-tab=\"2\" role=\"region\" aria-labelledby=\"elementor-tab-title-1912\"><p>2018 &amp; 2019 in \u201eGlaube Liebe Hoffnung\u201c in Berlin-Charlottenburg<\/p><\/div>\n\t\t\t\t<\/div>\n\t\t\t\t\t\t\t\t<\/div>\n\t\t\t\t\t\t<\/div>\n\t\t\t\t<\/div>\n\t\t\t\t<div class=\"elementor-element elementor-element-a723082 elementor-widget elementor-widget-image-gallery\" data-id=\"a723082\" data-element_type=\"widget\" data-e-type=\"widget\" data-widget_type=\"image-gallery.default\">\n\t\t\t\t<div class=\"elementor-widget-container\">\n\t\t\t\t\t\t\t<div class=\"elementor-image-gallery\">\n\t\t\t<div id='gallery-1' class='gallery galleryid-264 gallery-columns-3 gallery-size-medium'><figure class='gallery-item'>\n\t\t\t<div class='gallery-icon landscape'>\n\t\t\t\t<a data-elementor-open-lightbox=\"yes\" data-elementor-lightbox-slideshow=\"a723082\" data-elementor-lightbox-title=\"Steinkauz\" data-elementor-lightbox-description=\"Steinkauz, Acryl auf Leinwand, 25 x 30 cm\" data-e-action-hash=\"#elementor-action%3Aaction%3Dlightbox%26settings%3DeyJpZCI6MjY2LCJ1cmwiOiJodHRwczpcL1wvd3d3LmFydC1ncmVlZC5jb21cL3dwLWNvbnRlbnRcL3VwbG9hZHNcLzIwMTlcLzEwXC9NYWx2aW5lLVN0ZWlua2F1ei5qcGciLCJzbGlkZXNob3ciOiJhNzIzMDgyIn0%3D\" href='https:\/\/www.art-greed.com\/wp-content\/uploads\/2019\/10\/Malvine-Steinkauz.jpg'><img fetchpriority=\"high\" decoding=\"async\" width=\"300\" height=\"240\" src=\"https:\/\/www.art-greed.com\/wp-content\/uploads\/2019\/10\/Malvine-Steinkauz-300x240.jpg\" class=\"attachment-medium size-medium\" alt=\"\" aria-describedby=\"gallery-1-266\" srcset=\"https:\/\/www.art-greed.com\/wp-content\/uploads\/2019\/10\/Malvine-Steinkauz-300x240.jpg 300w, https:\/\/www.art-greed.com\/wp-content\/uploads\/2019\/10\/Malvine-Steinkauz-768x616.jpg 768w, https:\/\/www.art-greed.com\/wp-content\/uploads\/2019\/10\/Malvine-Steinkauz-1024x821.jpg 1024w, https:\/\/www.art-greed.com\/wp-content\/uploads\/2019\/10\/Malvine-Steinkauz.jpg 1280w\" sizes=\"(max-width: 300px) 100vw, 300px\" \/><\/a>\n\t\t\t<\/div>\n\t\t\t\t<figcaption class='wp-caption-text gallery-caption' id='gallery-1-266'>\n\t\t\t\tSteinkauz, Acryl auf Leinwand, 25 x 30 cm\n\t\t\t\t<\/figcaption><\/figure><figure class='gallery-item'>\n\t\t\t<div class='gallery-icon landscape'>\n\t\t\t\t<a data-elementor-open-lightbox=\"yes\" data-elementor-lightbox-slideshow=\"a723082\" data-elementor-lightbox-title=\"Bieber\" data-elementor-lightbox-description=\"Bieber, Acryl auf Leinwand, 30 x 40 cm\" data-e-action-hash=\"#elementor-action%3Aaction%3Dlightbox%26settings%3DeyJpZCI6MjY3LCJ1cmwiOiJodHRwczpcL1wvd3d3LmFydC1ncmVlZC5jb21cL3dwLWNvbnRlbnRcL3VwbG9hZHNcLzIwMTlcLzEwXC9NYWx2aW5lLUJpZWJlci5qcGciLCJzbGlkZXNob3ciOiJhNzIzMDgyIn0%3D\" href='https:\/\/www.art-greed.com\/wp-content\/uploads\/2019\/10\/Malvine-Bieber.jpg'><img decoding=\"async\" width=\"300\" height=\"224\" src=\"https:\/\/www.art-greed.com\/wp-content\/uploads\/2019\/10\/Malvine-Bieber-300x224.jpg\" class=\"attachment-medium size-medium\" alt=\"\" aria-describedby=\"gallery-1-267\" srcset=\"https:\/\/www.art-greed.com\/wp-content\/uploads\/2019\/10\/Malvine-Bieber-300x224.jpg 300w, https:\/\/www.art-greed.com\/wp-content\/uploads\/2019\/10\/Malvine-Bieber-768x574.jpg 768w, https:\/\/www.art-greed.com\/wp-content\/uploads\/2019\/10\/Malvine-Bieber-1024x765.jpg 1024w, https:\/\/www.art-greed.com\/wp-content\/uploads\/2019\/10\/Malvine-Bieber.jpg 1280w\" sizes=\"(max-width: 300px) 100vw, 300px\" \/><\/a>\n\t\t\t<\/div>\n\t\t\t\t<figcaption class='wp-caption-text gallery-caption' id='gallery-1-267'>\n\t\t\t\tBieber, Acryl auf Leinwand, 30 x 40 cm\n\t\t\t\t<\/figcaption><\/figure><figure class='gallery-item'>\n\t\t\t<div class='gallery-icon portrait'>\n\t\t\t\t<a data-elementor-open-lightbox=\"yes\" data-elementor-lightbox-slideshow=\"a723082\" data-elementor-lightbox-title=\"Monster mit Eis\" data-elementor-lightbox-description=\"Monster mit Eis, Acryl auf Leinwand, 40 x 30 cm\" data-e-action-hash=\"#elementor-action%3Aaction%3Dlightbox%26settings%3DeyJpZCI6MjY4LCJ1cmwiOiJodHRwczpcL1wvd3d3LmFydC1ncmVlZC5jb21cL3dwLWNvbnRlbnRcL3VwbG9hZHNcLzIwMTlcLzEwXC9NYWx2aW5lLU1vbnN0ZXItbWl0LUVpcy5qcGciLCJzbGlkZXNob3ciOiJhNzIzMDgyIn0%3D\" href='https:\/\/www.art-greed.com\/wp-content\/uploads\/2019\/10\/Malvine-Monster-mit-Eis.jpg'><img decoding=\"async\" width=\"222\" height=\"300\" src=\"https:\/\/www.art-greed.com\/wp-content\/uploads\/2019\/10\/Malvine-Monster-mit-Eis-222x300.jpg\" class=\"attachment-medium size-medium\" alt=\"\" aria-describedby=\"gallery-1-268\" srcset=\"https:\/\/www.art-greed.com\/wp-content\/uploads\/2019\/10\/Malvine-Monster-mit-Eis-222x300.jpg 222w, https:\/\/www.art-greed.com\/wp-content\/uploads\/2019\/10\/Malvine-Monster-mit-Eis-768x1036.jpg 768w, https:\/\/www.art-greed.com\/wp-content\/uploads\/2019\/10\/Malvine-Monster-mit-Eis-759x1024.jpg 759w, https:\/\/www.art-greed.com\/wp-content\/uploads\/2019\/10\/Malvine-Monster-mit-Eis.jpg 949w\" sizes=\"(max-width: 222px) 100vw, 222px\" \/><\/a>\n\t\t\t<\/div>\n\t\t\t\t<figcaption class='wp-caption-text gallery-caption' id='gallery-1-268'>\n\t\t\t\tMonster mit Eis, Acryl auf Leinwand, 40 x 30 cm\n\t\t\t\t<\/figcaption><\/figure><figure class='gallery-item'>\n\t\t\t<div class='gallery-icon portrait'>\n\t\t\t\t<a data-elementor-open-lightbox=\"yes\" data-elementor-lightbox-slideshow=\"a723082\" data-elementor-lightbox-title=\"Pfau\" data-elementor-lightbox-description=\"Pfau, Acryl auf Leinwand, 40 x 30 cm\" data-e-action-hash=\"#elementor-action%3Aaction%3Dlightbox%26settings%3DeyJpZCI6MjY5LCJ1cmwiOiJodHRwczpcL1wvd3d3LmFydC1ncmVlZC5jb21cL3dwLWNvbnRlbnRcL3VwbG9hZHNcLzIwMTlcLzEwXC9NYWx2aW5lLVBmYXUuanBnIiwic2xpZGVzaG93IjoiYTcyMzA4MiJ9\" href='https:\/\/www.art-greed.com\/wp-content\/uploads\/2019\/10\/Malvine-Pfau.jpg'><img loading=\"lazy\" decoding=\"async\" width=\"223\" height=\"300\" src=\"https:\/\/www.art-greed.com\/wp-content\/uploads\/2019\/10\/Malvine-Pfau-223x300.jpg\" class=\"attachment-medium size-medium\" alt=\"\" aria-describedby=\"gallery-1-269\" srcset=\"https:\/\/www.art-greed.com\/wp-content\/uploads\/2019\/10\/Malvine-Pfau-223x300.jpg 223w, https:\/\/www.art-greed.com\/wp-content\/uploads\/2019\/10\/Malvine-Pfau-768x1032.jpg 768w, https:\/\/www.art-greed.com\/wp-content\/uploads\/2019\/10\/Malvine-Pfau-762x1024.jpg 762w, https:\/\/www.art-greed.com\/wp-content\/uploads\/2019\/10\/Malvine-Pfau.jpg 953w\" sizes=\"(max-width: 223px) 100vw, 223px\" \/><\/a>\n\t\t\t<\/div>\n\t\t\t\t<figcaption class='wp-caption-text gallery-caption' id='gallery-1-269'>\n\t\t\t\tPfau, Acryl auf Leinwand, 40 x 30 cm\n\t\t\t\t<\/figcaption><\/figure><figure class='gallery-item'>\n\t\t\t<div class='gallery-icon landscape'>\n\t\t\t\t<a data-elementor-open-lightbox=\"yes\" data-elementor-lightbox-slideshow=\"a723082\" data-elementor-lightbox-title=\"Wimpel-Kardinalfisch\" data-elementor-lightbox-description=\"Wimpel-Kardinalfisch, Acryl auf Leinwand, 20 x 20 cm\" data-e-action-hash=\"#elementor-action%3Aaction%3Dlightbox%26settings%3DeyJpZCI6MjcxLCJ1cmwiOiJodHRwczpcL1wvd3d3LmFydC1ncmVlZC5jb21cL3dwLWNvbnRlbnRcL3VwbG9hZHNcLzIwMTlcLzEwXC9NYWx2aW5lLVdpbXBlbC1LYXJkaW5hbGZpc2NoLmpwZyIsInNsaWRlc2hvdyI6ImE3MjMwODIifQ%3D%3D\" href='https:\/\/www.art-greed.com\/wp-content\/uploads\/2019\/10\/Malvine-Wimpel-Kardinalfisch.jpg'><img loading=\"lazy\" decoding=\"async\" width=\"300\" height=\"297\" src=\"https:\/\/www.art-greed.com\/wp-content\/uploads\/2019\/10\/Malvine-Wimpel-Kardinalfisch-300x297.jpg\" class=\"attachment-medium size-medium\" alt=\"\" aria-describedby=\"gallery-1-271\" srcset=\"https:\/\/www.art-greed.com\/wp-content\/uploads\/2019\/10\/Malvine-Wimpel-Kardinalfisch-300x297.jpg 300w, https:\/\/www.art-greed.com\/wp-content\/uploads\/2019\/10\/Malvine-Wimpel-Kardinalfisch-150x150.jpg 150w, https:\/\/www.art-greed.com\/wp-content\/uploads\/2019\/10\/Malvine-Wimpel-Kardinalfisch-768x761.jpg 768w, https:\/\/www.art-greed.com\/wp-content\/uploads\/2019\/10\/Malvine-Wimpel-Kardinalfisch-1024x1015.jpg 1024w, https:\/\/www.art-greed.com\/wp-content\/uploads\/2019\/10\/Malvine-Wimpel-Kardinalfisch.jpg 1280w\" sizes=\"(max-width: 300px) 100vw, 300px\" \/><\/a>\n\t\t\t<\/div>\n\t\t\t\t<figcaption class='wp-caption-text gallery-caption' id='gallery-1-271'>\n\t\t\t\tWimpel-Kardinalfisch, Acryl auf Leinwand, 20 x 20 cm\n\t\t\t\t<\/figcaption><\/figure><figure class='gallery-item'>\n\t\t\t<div class='gallery-icon portrait'>\n\t\t\t\t<a data-elementor-open-lightbox=\"yes\" data-elementor-lightbox-slideshow=\"a723082\" data-elementor-lightbox-title=\"Vogelspinne\" data-elementor-lightbox-description=\"Vogelspinne, Acryl auf Leinwand, 30 x 25 cm\" data-e-action-hash=\"#elementor-action%3Aaction%3Dlightbox%26settings%3DeyJpZCI6MjcyLCJ1cmwiOiJodHRwczpcL1wvd3d3LmFydC1ncmVlZC5jb21cL3dwLWNvbnRlbnRcL3VwbG9hZHNcLzIwMTlcLzEwXC9NYWx2aW5lLVZvZ2Vsc3Bpbm5lLmpwZyIsInNsaWRlc2hvdyI6ImE3MjMwODIifQ%3D%3D\" href='https:\/\/www.art-greed.com\/wp-content\/uploads\/2019\/10\/Malvine-Vogelspinne.jpg'><img loading=\"lazy\" decoding=\"async\" width=\"236\" height=\"300\" src=\"https:\/\/www.art-greed.com\/wp-content\/uploads\/2019\/10\/Malvine-Vogelspinne-236x300.jpg\" class=\"attachment-medium size-medium\" alt=\"\" aria-describedby=\"gallery-1-272\" srcset=\"https:\/\/www.art-greed.com\/wp-content\/uploads\/2019\/10\/Malvine-Vogelspinne-236x300.jpg 236w, https:\/\/www.art-greed.com\/wp-content\/uploads\/2019\/10\/Malvine-Vogelspinne-768x977.jpg 768w, https:\/\/www.art-greed.com\/wp-content\/uploads\/2019\/10\/Malvine-Vogelspinne-805x1024.jpg 805w, https:\/\/www.art-greed.com\/wp-content\/uploads\/2019\/10\/Malvine-Vogelspinne.jpg 1006w\" sizes=\"(max-width: 236px) 100vw, 236px\" \/><\/a>\n\t\t\t<\/div>\n\t\t\t\t<figcaption class='wp-caption-text gallery-caption' id='gallery-1-272'>\n\t\t\t\tVogelspinne, Acryl auf Leinwand, 30 x 25 cm\n\t\t\t\t<\/figcaption><\/figure>\n\t\t<\/div>\n\t\t<\/div>\n\t\t\t\t\t\t<\/div>\n\t\t\t\t<\/div>\n\t\t\t\t\t<\/div>\n\t\t<\/div>\n\t\t\t\t\t<\/div>\n\t\t<\/section>\n\t\t\t\t<section class=\"elementor-section elementor-top-section elementor-element elementor-element-000f123 elementor-section-boxed elementor-section-height-default elementor-section-height-default\" data-id=\"000f123\" data-element_type=\"section\" data-e-type=\"section\">\n\t\t\t\t\t\t<div class=\"elementor-container elementor-column-gap-default\">\n\t\t\t\t\t<div class=\"elementor-column elementor-col-100 elementor-top-column elementor-element elementor-element-f8adc77\" data-id=\"f8adc77\" data-element_type=\"column\" data-e-type=\"column\">\n\t\t\t<div class=\"elementor-widget-wrap\">\n\t\t\t\t\t\t\t<\/div>\n\t\t<\/div>\n\t\t\t\t\t<\/div>\n\t\t<\/section>\n\t\t\t\t<\/div>\n\t\t","protected":false},"excerpt":{"rendered":"<p>Julia Malvine Die Kunst von Malvine ist \u00fcberwiegend dem Tierreich gewidmet und zeichnet sich durch eine sehr realistische Naturdarstellung aus. Mit Liebe zum Detail werden die Mitglieder verschiedener Tierarten portr\u00e4tiert und mit feinen Pinselstrichen ausgearbeitet. Es handelt sich um kleinformatige, nahezu filigrane Kunstwerke. Dabei h\u00e4lt die K\u00fcnstlerin sich an den klassischer Malstil, der den alten [&hellip;]<\/p>\n","protected":false},"author":1,"featured_media":0,"parent":0,"menu_order":0,"comment_status":"closed","ping_status":"closed","template":"","meta":{"ocean_post_layout":"full-screen","ocean_both_sidebars_style":"","ocean_both_sidebars_content_width":0,"ocean_both_sidebars_sidebars_width":0,"ocean_sidebar":"0","ocean_second_sidebar":"0","ocean_disable_margins":"enable","ocean_add_body_class":"","ocean_shortcode_before_top_bar":"","ocean_shortcode_after_top_bar":"","ocean_shortcode_before_header":"","ocean_shortcode_after_header":"","ocean_has_shortcode":"","ocean_shortcode_after_title":"","ocean_shortcode_before_footer_widgets":"","ocean_shortcode_after_footer_widgets":"","ocean_shortcode_before_footer_bottom":"","ocean_shortcode_after_footer_bottom":"","ocean_display_top_bar":"default","ocean_display_header":"default","ocean_header_style":"","ocean_center_header_left_menu":"0","ocean_custom_header_template":"0","ocean_custom_logo":0,"ocean_custom_retina_logo":0,"ocean_custom_logo_max_width":0,"ocean_custom_logo_tablet_max_width":0,"ocean_custom_logo_mobile_max_width":0,"ocean_custom_logo_max_height":0,"ocean_custom_logo_tablet_max_height":0,"ocean_custom_logo_mobile_max_height":0,"ocean_header_custom_menu":"0","ocean_menu_typo_font_family":"0","ocean_menu_typo_font_subset":"","ocean_menu_typo_font_size":0,"ocean_menu_typo_font_size_tablet":0,"ocean_menu_typo_font_size_mobile":0,"ocean_menu_typo_font_size_unit":"px","ocean_menu_typo_font_weight":"","ocean_menu_typo_font_weight_tablet":"","ocean_menu_typo_font_weight_mobile":"","ocean_menu_typo_transform":"","ocean_menu_typo_transform_tablet":"","ocean_menu_typo_transform_mobile":"","ocean_menu_typo_line_height":0,"ocean_menu_typo_line_height_tablet":0,"ocean_menu_typo_line_height_mobile":0,"ocean_menu_typo_line_height_unit":"","ocean_menu_typo_spacing":0,"ocean_menu_typo_spacing_tablet":0,"ocean_menu_typo_spacing_mobile":0,"ocean_menu_typo_spacing_unit":"","ocean_menu_link_color":"","ocean_menu_link_color_hover":"","ocean_menu_link_color_active":"","ocean_menu_link_background":"","ocean_menu_link_hover_background":"","ocean_menu_link_active_background":"","ocean_menu_social_links_bg":"","ocean_menu_social_hover_links_bg":"","ocean_menu_social_links_color":"","ocean_menu_social_hover_links_color":"","ocean_disable_title":"on","ocean_disable_heading":"default","ocean_post_title":"","ocean_post_subheading":"","ocean_post_title_style":"","ocean_post_title_background_color":"","ocean_post_title_background":0,"ocean_post_title_bg_image_position":"","ocean_post_title_bg_image_attachment":"","ocean_post_title_bg_image_repeat":"","ocean_post_title_bg_image_size":"","ocean_post_title_height":0,"ocean_post_title_bg_overlay":0.5,"ocean_post_title_bg_overlay_color":"","ocean_disable_breadcrumbs":"default","ocean_breadcrumbs_color":"","ocean_breadcrumbs_separator_color":"","ocean_breadcrumbs_links_color":"","ocean_breadcrumbs_links_hover_color":"","ocean_display_footer_widgets":"default","ocean_display_footer_bottom":"default","ocean_custom_footer_template":"0","footnotes":""},"class_list":["post-264","page","type-page","status-publish","hentry","entry"],"_links":{"self":[{"href":"https:\/\/www.art-greed.com\/index.php?rest_route=\/wp\/v2\/pages\/264","targetHints":{"allow":["GET"]}}],"collection":[{"href":"https:\/\/www.art-greed.com\/index.php?rest_route=\/wp\/v2\/pages"}],"about":[{"href":"https:\/\/www.art-greed.com\/index.php?rest_route=\/wp\/v2\/types\/page"}],"author":[{"embeddable":true,"href":"https:\/\/www.art-greed.com\/index.php?rest_route=\/wp\/v2\/users\/1"}],"replies":[{"embeddable":true,"href":"https:\/\/www.art-greed.com\/index.php?rest_route=%2Fwp%2Fv2%2Fcomments&post=264"}],"version-history":[{"count":19,"href":"https:\/\/www.art-greed.com\/index.php?rest_route=\/wp\/v2\/pages\/264\/revisions"}],"predecessor-version":[{"id":1312,"href":"https:\/\/www.art-greed.com\/index.php?rest_route=\/wp\/v2\/pages\/264\/revisions\/1312"}],"wp:attachment":[{"href":"https:\/\/www.art-greed.com\/index.php?rest_route=%2Fwp%2Fv2%2Fmedia&parent=264"}],"curies":[{"name":"wp","href":"https:\/\/api.w.org\/{rel}","templated":true}]}}