{"id":88,"date":"2019-07-09T21:14:24","date_gmt":"2019-07-09T21:14:24","guid":{"rendered":"https:\/\/www.art-greed.com\/?page_id=88"},"modified":"2022-02-07T22:51:22","modified_gmt":"2022-02-07T22:51:22","slug":"tatiana-makarkina","status":"publish","type":"page","link":"https:\/\/www.art-greed.com\/?page_id=88","title":{"rendered":"Tatiana Makarkina"},"content":{"rendered":"\t\t<div data-elementor-type=\"wp-post\" data-elementor-id=\"88\" class=\"elementor elementor-88\">\n\t\t\t\t\t\t<section class=\"elementor-section elementor-top-section elementor-element elementor-element-d7e448b elementor-section-boxed elementor-section-height-default elementor-section-height-default\" data-id=\"d7e448b\" data-element_type=\"section\" data-e-type=\"section\">\n\t\t\t\t\t\t<div class=\"elementor-container elementor-column-gap-default\">\n\t\t\t\t\t<div class=\"elementor-column elementor-col-100 elementor-top-column elementor-element elementor-element-249a890\" data-id=\"249a890\" data-element_type=\"column\" data-e-type=\"column\">\n\t\t\t<div class=\"elementor-widget-wrap elementor-element-populated\">\n\t\t\t\t\t\t<div class=\"elementor-element elementor-element-3efbd45 elementor-widget elementor-widget-spacer\" data-id=\"3efbd45\" data-element_type=\"widget\" data-e-type=\"widget\" data-widget_type=\"spacer.default\">\n\t\t\t\t<div class=\"elementor-widget-container\">\n\t\t\t\t\t\t\t<div class=\"elementor-spacer\">\n\t\t\t<div class=\"elementor-spacer-inner\"><\/div>\n\t\t<\/div>\n\t\t\t\t\t\t<\/div>\n\t\t\t\t<\/div>\n\t\t\t\t<div class=\"elementor-element elementor-element-9c0ab1e elementor-widget elementor-widget-heading\" data-id=\"9c0ab1e\" data-element_type=\"widget\" data-e-type=\"widget\" data-widget_type=\"heading.default\">\n\t\t\t\t<div class=\"elementor-widget-container\">\n\t\t\t\t\t<h2 class=\"elementor-heading-title elementor-size-large\">Tatiana Makarkina<\/h2>\t\t\t\t<\/div>\n\t\t\t\t<\/div>\n\t\t\t\t<div class=\"elementor-element elementor-element-2c172b0 elementor-widget elementor-widget-text-editor\" data-id=\"2c172b0\" data-element_type=\"widget\" data-e-type=\"widget\" data-widget_type=\"text-editor.default\">\n\t\t\t\t<div class=\"elementor-widget-container\">\n\t\t\t\t\t\t\t\t\t<p style=\"text-align: center;\">Tatiana betrachtet die Kunst als ein Schaffensprozess und weniger als ein endg\u00fcltiges Ergebnis. Dieser Prozess der Erschaffung eines neuen Werkes fordert von der K\u00fcnstlerin volle Hingabe. Alle im Leben gesammelten Erfahrungen, tiefsten Emotionen und Gedanken flie\u00dfen dort hinein. Die K\u00fcnstlerin will dem Betrachter das zeigen, was schwer in Worte zu fassen ist und was sie selbst nicht in G\u00e4nze erkl\u00e4ren kann. Die Kunstwerke von Tatiana sind nicht zu Ende erz\u00e4hlte Geschichten, die weiter leben und sich im Kopf des Betrachters weiterentwickeln sollen. Der Betrachter und die K\u00fcnstlerin schreiben und erleben diese Geschichten zusammen, dadurch entsteht eine Verbindung der K\u00fcnstlerin mit der Au\u00dfenwelt. Sie strebt nach Quintessenz der Metaphysik, Philosophie und Psychologie und versucht diese in ihren Kunstwerken zu vereinen. Das Medium spielt dabei keine Rolle. Periodisch arbeitet die K\u00fcnstlerin in Acryl, \u00d6l, Aquarell und Pastell.<\/p><p style=\"text-align: center;\">Die nicht zu Ende erz\u00e4hlten Geschichten manifestieren sich in fragmentarischen Figuren auf Tatianas Gem\u00e4lden. Sie wirken unvollendet, als ob die K\u00fcnstlerin noch weiter an ihnen arbeiten w\u00fcrde. Die dargestellten Figuren \u00e4hneln antiken Statuen, die durch die Last der Zeit und von den Schicksalsschl\u00e4gen gebrochen wurden. Es ist ein Spiel mit der Unvollkommenheit, die trotz ihrer vermeintlichen Makel wundersch\u00f6n erscheint.<\/p>\t\t\t\t\t\t\t\t<\/div>\n\t\t\t\t<\/div>\n\t\t\t\t<div class=\"elementor-element elementor-element-35c8e5c elementor-widget elementor-widget-accordion\" data-id=\"35c8e5c\" data-element_type=\"widget\" data-e-type=\"widget\" data-widget_type=\"accordion.default\">\n\t\t\t\t<div class=\"elementor-widget-container\">\n\t\t\t\t\t\t\t<div class=\"elementor-accordion\">\n\t\t\t\t\t\t\t<div class=\"elementor-accordion-item\">\n\t\t\t\t\t<div id=\"elementor-tab-title-5631\" class=\"elementor-tab-title\" data-tab=\"1\" role=\"button\" aria-controls=\"elementor-tab-content-5631\" aria-expanded=\"false\">\n\t\t\t\t\t\t\t\t\t\t\t\t\t<span class=\"elementor-accordion-icon elementor-accordion-icon-left\" aria-hidden=\"true\">\n\t\t\t\t\t\t\t\t\t\t\t\t\t\t\t<span class=\"elementor-accordion-icon-closed\"><i class=\"fas fa-plus\"><\/i><\/span>\n\t\t\t\t\t\t\t\t<span class=\"elementor-accordion-icon-opened\"><i class=\"fas fa-minus\"><\/i><\/span>\n\t\t\t\t\t\t\t\t\t\t\t\t\t\t<\/span>\n\t\t\t\t\t\t\t\t\t\t\t\t<a class=\"elementor-accordion-title\" tabindex=\"0\">Biografie<\/a>\n\t\t\t\t\t<\/div>\n\t\t\t\t\t<div id=\"elementor-tab-content-5631\" class=\"elementor-tab-content elementor-clearfix\" data-tab=\"1\" role=\"region\" aria-labelledby=\"elementor-tab-title-5631\"><ul><li>studierte Grafik Design an dem Art and Humanities College in Moskau, Russland<\/li><li>lebte und arbeitete als freischaffende K\u00fcnstlerin zeitweise in Schweden<\/li><li>2012-2016 Mitglied des Verbandes Bildender K\u00fcnstler in V\u00e4ster\u00e5s, Schweden<\/li><li>2013 unterrichtet Malerei f\u00fcr Kinder und Jugendliche in V\u00e4ster\u00e5s, Schweden<\/li><li>2018 bemalt Taschen und Schuhe bei einer Aktion f\u00fcr Esprit in Stockholm, Schweden<\/li><li>momentan lebt und arbeitet als freischaffende K\u00fcnstlerin in London, Vereinigtes K\u00f6nigreich<\/li><\/ul><\/div>\n\t\t\t\t<\/div>\n\t\t\t\t\t\t\t<div class=\"elementor-accordion-item\">\n\t\t\t\t\t<div id=\"elementor-tab-title-5632\" class=\"elementor-tab-title\" data-tab=\"2\" role=\"button\" aria-controls=\"elementor-tab-content-5632\" aria-expanded=\"false\">\n\t\t\t\t\t\t\t\t\t\t\t\t\t<span class=\"elementor-accordion-icon elementor-accordion-icon-left\" aria-hidden=\"true\">\n\t\t\t\t\t\t\t\t\t\t\t\t\t\t\t<span class=\"elementor-accordion-icon-closed\"><i class=\"fas fa-plus\"><\/i><\/span>\n\t\t\t\t\t\t\t\t<span class=\"elementor-accordion-icon-opened\"><i class=\"fas fa-minus\"><\/i><\/span>\n\t\t\t\t\t\t\t\t\t\t\t\t\t\t<\/span>\n\t\t\t\t\t\t\t\t\t\t\t\t<a class=\"elementor-accordion-title\" tabindex=\"0\">Ausstellungen<\/a>\n\t\t\t\t\t<\/div>\n\t\t\t\t\t<div id=\"elementor-tab-content-5632\" class=\"elementor-tab-content elementor-clearfix\" data-tab=\"2\" role=\"region\" aria-labelledby=\"elementor-tab-title-5632\"><p>2020 Galerie Rehberg in Berlin, Deutschland<\/p><p>2018 Galerie Figaro Art in Riga, Lettland<\/p><p>2016\/12 Club Dialog e.V. Berlin, Deutschland<\/p><p>2016\/11 Gallery Magno Art Stockholm, Schweden<\/p><p>2015\/08 Gallery Magno Art in Schloss Skokloster, Schweden<\/p><p>2015\/05 Galerie Thuillier Paris, Frankreich<\/p><p>2014\/12 La Galleria Pall Mall London, Vereinigtes K\u00f6nigreich<\/p><p>2014\/07 Salon KLOAK in V\u00e4ster\u00e5s, Schweden<\/p><p>2014\/05 Virsbo Konsthall, Ausstellungszentrum in Virsbo, Schweden<\/p><p>2014\/03 Culturen, Projektzentrum V\u00e4ster\u00e5s, Schweden<\/p><p>2013\/06 Fauglia in der Toskana, Italien<\/p><p>2013\/03 Ausstellung \u201dInternationale Frauen\u201d in der Galleri K, V\u00e4ster\u00e5s, Schweden<\/p><p>2011 Galerie Peppas, Altstadt Stockholm, Schweden<\/p><p>2010 Galleri Puckeln Stockholm, Schweden<\/p><\/div>\n\t\t\t\t<\/div>\n\t\t\t\t\t\t\t\t<\/div>\n\t\t\t\t\t\t<\/div>\n\t\t\t\t<\/div>\n\t\t\t\t<div class=\"elementor-element elementor-element-66959f2 elementor-widget elementor-widget-image-gallery\" data-id=\"66959f2\" data-element_type=\"widget\" data-e-type=\"widget\" data-widget_type=\"image-gallery.default\">\n\t\t\t\t<div class=\"elementor-widget-container\">\n\t\t\t\t\t\t\t<div class=\"elementor-image-gallery\">\n\t\t\t<div id='gallery-1' class='gallery galleryid-88 gallery-columns-2 gallery-size-medium'><figure class='gallery-item'>\n\t\t\t<div class='gallery-icon portrait'>\n\t\t\t\t<a data-elementor-open-lightbox=\"yes\" data-elementor-lightbox-slideshow=\"66959f2\" data-elementor-lightbox-title=\"Symbiose I\" data-elementor-lightbox-description=\"Symbiose I, Aquarell auf Papier, 80 x 50 cm.  \" data-e-action-hash=\"#elementor-action%3Aaction%3Dlightbox%26settings%3DeyJpZCI6MTQ0LCJ1cmwiOiJodHRwczpcL1wvd3d3LmFydC1ncmVlZC5jb21cL3dwLWNvbnRlbnRcL3VwbG9hZHNcLzIwMTlcLzA3XC8yMDE2MDkwNV8xNjQ0MDcuanBnIiwic2xpZGVzaG93IjoiNjY5NTlmMiJ9\" href='https:\/\/www.art-greed.com\/wp-content\/uploads\/2019\/07\/20160905_164407.jpg'><img fetchpriority=\"high\" decoding=\"async\" width=\"214\" height=\"300\" src=\"https:\/\/www.art-greed.com\/wp-content\/uploads\/2019\/07\/20160905_164407-214x300.jpg\" class=\"attachment-medium size-medium\" alt=\"\" aria-describedby=\"gallery-1-144\" srcset=\"https:\/\/www.art-greed.com\/wp-content\/uploads\/2019\/07\/20160905_164407-214x300.jpg 214w, https:\/\/www.art-greed.com\/wp-content\/uploads\/2019\/07\/20160905_164407-768x1079.jpg 768w, https:\/\/www.art-greed.com\/wp-content\/uploads\/2019\/07\/20160905_164407-729x1024.jpg 729w, https:\/\/www.art-greed.com\/wp-content\/uploads\/2019\/07\/20160905_164407.jpg 1758w\" sizes=\"(max-width: 214px) 100vw, 214px\" \/><\/a>\n\t\t\t<\/div>\n\t\t\t\t<figcaption class='wp-caption-text gallery-caption' id='gallery-1-144'>\n\t\t\t\tSymbiose I, Aquarell auf Papier, 80 x 50 cm.  \n\t\t\t\t<\/figcaption><\/figure><figure class='gallery-item'>\n\t\t\t<div class='gallery-icon portrait'>\n\t\t\t\t<a data-elementor-open-lightbox=\"yes\" data-elementor-lightbox-slideshow=\"66959f2\" data-elementor-lightbox-title=\"Symbiose II\" data-elementor-lightbox-description=\"Symbiose II, Acryl auf Leinwand, 90 x 70 cm.\" data-e-action-hash=\"#elementor-action%3Aaction%3Dlightbox%26settings%3DeyJpZCI6MTQzLCJ1cmwiOiJodHRwczpcL1wvd3d3LmFydC1ncmVlZC5jb21cL3dwLWNvbnRlbnRcL3VwbG9hZHNcLzIwMTlcLzA3XC8yMDE2MDIxNV8xNjU5NDcuanBnIiwic2xpZGVzaG93IjoiNjY5NTlmMiJ9\" href='https:\/\/www.art-greed.com\/wp-content\/uploads\/2019\/07\/20160215_165947.jpg'><img decoding=\"async\" width=\"225\" height=\"300\" src=\"https:\/\/www.art-greed.com\/wp-content\/uploads\/2019\/07\/20160215_165947-225x300.jpg\" class=\"attachment-medium size-medium\" alt=\"\" aria-describedby=\"gallery-1-143\" srcset=\"https:\/\/www.art-greed.com\/wp-content\/uploads\/2019\/07\/20160215_165947-225x300.jpg 225w, https:\/\/www.art-greed.com\/wp-content\/uploads\/2019\/07\/20160215_165947-768x1024.jpg 768w\" sizes=\"(max-width: 225px) 100vw, 225px\" \/><\/a>\n\t\t\t<\/div>\n\t\t\t\t<figcaption class='wp-caption-text gallery-caption' id='gallery-1-143'>\n\t\t\t\tSymbiose II, Acryl auf Leinwand, 90 x 70 cm.\n\t\t\t\t<\/figcaption><\/figure><figure class='gallery-item'>\n\t\t\t<div class='gallery-icon landscape'>\n\t\t\t\t<a data-elementor-open-lightbox=\"yes\" data-elementor-lightbox-slideshow=\"66959f2\" data-elementor-lightbox-title=\"Die Stufen des Nat\u00fcrlichen\" data-elementor-lightbox-description=\"Die Stufen des Nat\u00fcrlichen, \u00d6l auf Leinwand, 80 x 100 cm.\" data-e-action-hash=\"#elementor-action%3Aaction%3Dlightbox%26settings%3DeyJpZCI6MTQxLCJ1cmwiOiJodHRwczpcL1wvd3d3LmFydC1ncmVlZC5jb21cL3dwLWNvbnRlbnRcL3VwbG9hZHNcLzIwMTlcLzA3XC8yMDEzMDgzMV8xNzIxMTQtMS5qcGciLCJzbGlkZXNob3ciOiI2Njk1OWYyIn0%3D\" href='https:\/\/www.art-greed.com\/wp-content\/uploads\/2019\/07\/20130831_172114-1.jpg'><img decoding=\"async\" width=\"300\" height=\"241\" src=\"https:\/\/www.art-greed.com\/wp-content\/uploads\/2019\/07\/20130831_172114-1-300x241.jpg\" class=\"attachment-medium size-medium\" alt=\"\" aria-describedby=\"gallery-1-141\" srcset=\"https:\/\/www.art-greed.com\/wp-content\/uploads\/2019\/07\/20130831_172114-1-300x241.jpg 300w, https:\/\/www.art-greed.com\/wp-content\/uploads\/2019\/07\/20130831_172114-1-768x618.jpg 768w, https:\/\/www.art-greed.com\/wp-content\/uploads\/2019\/07\/20130831_172114-1-1024x824.jpg 1024w\" sizes=\"(max-width: 300px) 100vw, 300px\" \/><\/a>\n\t\t\t<\/div>\n\t\t\t\t<figcaption class='wp-caption-text gallery-caption' id='gallery-1-141'>\n\t\t\t\tDie Stufen des Nat\u00fcrlichen, \u00d6l auf Leinwand, 80 x 100 cm.\n\t\t\t\t<\/figcaption><\/figure><figure class='gallery-item'>\n\t\t\t<div class='gallery-icon portrait'>\n\t\t\t\t<a data-elementor-open-lightbox=\"yes\" data-elementor-lightbox-slideshow=\"66959f2\" data-elementor-lightbox-title=\"Der endlose Fernseher\" data-elementor-lightbox-description=\"Der endlose Fernseher, \u00d6l auf Leinwand, 100 x 80 cm.\" data-e-action-hash=\"#elementor-action%3Aaction%3Dlightbox%26settings%3DeyJpZCI6MTQyLCJ1cmwiOiJodHRwczpcL1wvd3d3LmFydC1ncmVlZC5jb21cL3dwLWNvbnRlbnRcL3VwbG9hZHNcLzIwMTlcLzA3XC8yMDEzMDgzMV8xNzIyMDMtMS5qcGciLCJzbGlkZXNob3ciOiI2Njk1OWYyIn0%3D\" href='https:\/\/www.art-greed.com\/wp-content\/uploads\/2019\/07\/20130831_172203-1.jpg'><img loading=\"lazy\" decoding=\"async\" width=\"238\" height=\"300\" src=\"https:\/\/www.art-greed.com\/wp-content\/uploads\/2019\/07\/20130831_172203-1-238x300.jpg\" class=\"attachment-medium size-medium\" alt=\"\" aria-describedby=\"gallery-1-142\" srcset=\"https:\/\/www.art-greed.com\/wp-content\/uploads\/2019\/07\/20130831_172203-1-238x300.jpg 238w, https:\/\/www.art-greed.com\/wp-content\/uploads\/2019\/07\/20130831_172203-1-768x968.jpg 768w, https:\/\/www.art-greed.com\/wp-content\/uploads\/2019\/07\/20130831_172203-1-813x1024.jpg 813w, https:\/\/www.art-greed.com\/wp-content\/uploads\/2019\/07\/20130831_172203-1.jpg 1992w\" sizes=\"(max-width: 238px) 100vw, 238px\" \/><\/a>\n\t\t\t<\/div>\n\t\t\t\t<figcaption class='wp-caption-text gallery-caption' id='gallery-1-142'>\n\t\t\t\tDer endlose Fernseher, \u00d6l auf Leinwand, 100 x 80 cm.\n\t\t\t\t<\/figcaption><\/figure>\n\t\t<\/div>\n\t\t<\/div>\n\t\t\t\t\t\t<\/div>\n\t\t\t\t<\/div>\n\t\t\t\t\t<\/div>\n\t\t<\/div>\n\t\t\t\t\t<\/div>\n\t\t<\/section>\n\t\t\t\t<section class=\"elementor-section elementor-top-section elementor-element elementor-element-847af4e elementor-section-boxed elementor-section-height-default elementor-section-height-default\" data-id=\"847af4e\" data-element_type=\"section\" data-e-type=\"section\">\n\t\t\t\t\t\t<div class=\"elementor-container elementor-column-gap-default\">\n\t\t\t\t\t<div class=\"elementor-column elementor-col-100 elementor-top-column elementor-element elementor-element-0e016e9\" data-id=\"0e016e9\" data-element_type=\"column\" data-e-type=\"column\">\n\t\t\t<div class=\"elementor-widget-wrap\">\n\t\t\t\t\t\t\t<\/div>\n\t\t<\/div>\n\t\t\t\t\t<\/div>\n\t\t<\/section>\n\t\t\t\t<\/div>\n\t\t","protected":false},"excerpt":{"rendered":"<p>Tatiana Makarkina Tatiana betrachtet die Kunst als ein Schaffensprozess und weniger als ein endg\u00fcltiges Ergebnis. Dieser Prozess der Erschaffung eines neuen Werkes fordert von der K\u00fcnstlerin volle Hingabe. Alle im Leben gesammelten Erfahrungen, tiefsten Emotionen und Gedanken flie\u00dfen dort hinein. Die K\u00fcnstlerin will dem Betrachter das zeigen, was schwer in Worte zu fassen ist und [&hellip;]<\/p>\n","protected":false},"author":1,"featured_media":0,"parent":0,"menu_order":0,"comment_status":"closed","ping_status":"closed","template":"","meta":{"ocean_post_layout":"full-screen","ocean_both_sidebars_style":"","ocean_both_sidebars_content_width":0,"ocean_both_sidebars_sidebars_width":0,"ocean_sidebar":"0","ocean_second_sidebar":"0","ocean_disable_margins":"enable","ocean_add_body_class":"","ocean_shortcode_before_top_bar":"","ocean_shortcode_after_top_bar":"","ocean_shortcode_before_header":"","ocean_shortcode_after_header":"","ocean_has_shortcode":"","ocean_shortcode_after_title":"","ocean_shortcode_before_footer_widgets":"","ocean_shortcode_after_footer_widgets":"","ocean_shortcode_before_footer_bottom":"","ocean_shortcode_after_footer_bottom":"","ocean_display_top_bar":"default","ocean_display_header":"default","ocean_header_style":"","ocean_center_header_left_menu":"0","ocean_custom_header_template":"0","ocean_custom_logo":0,"ocean_custom_retina_logo":0,"ocean_custom_logo_max_width":0,"ocean_custom_logo_tablet_max_width":0,"ocean_custom_logo_mobile_max_width":0,"ocean_custom_logo_max_height":0,"ocean_custom_logo_tablet_max_height":0,"ocean_custom_logo_mobile_max_height":0,"ocean_header_custom_menu":"0","ocean_menu_typo_font_family":"0","ocean_menu_typo_font_subset":"","ocean_menu_typo_font_size":0,"ocean_menu_typo_font_size_tablet":0,"ocean_menu_typo_font_size_mobile":0,"ocean_menu_typo_font_size_unit":"px","ocean_menu_typo_font_weight":"","ocean_menu_typo_font_weight_tablet":"","ocean_menu_typo_font_weight_mobile":"","ocean_menu_typo_transform":"","ocean_menu_typo_transform_tablet":"","ocean_menu_typo_transform_mobile":"","ocean_menu_typo_line_height":0,"ocean_menu_typo_line_height_tablet":0,"ocean_menu_typo_line_height_mobile":0,"ocean_menu_typo_line_height_unit":"","ocean_menu_typo_spacing":0,"ocean_menu_typo_spacing_tablet":0,"ocean_menu_typo_spacing_mobile":0,"ocean_menu_typo_spacing_unit":"","ocean_menu_link_color":"","ocean_menu_link_color_hover":"","ocean_menu_link_color_active":"","ocean_menu_link_background":"","ocean_menu_link_hover_background":"","ocean_menu_link_active_background":"","ocean_menu_social_links_bg":"","ocean_menu_social_hover_links_bg":"","ocean_menu_social_links_color":"","ocean_menu_social_hover_links_color":"","ocean_disable_title":"on","ocean_disable_heading":"default","ocean_post_title":"","ocean_post_subheading":"","ocean_post_title_style":"","ocean_post_title_background_color":"","ocean_post_title_background":0,"ocean_post_title_bg_image_position":"","ocean_post_title_bg_image_attachment":"","ocean_post_title_bg_image_repeat":"","ocean_post_title_bg_image_size":"","ocean_post_title_height":0,"ocean_post_title_bg_overlay":0.5,"ocean_post_title_bg_overlay_color":"","ocean_disable_breadcrumbs":"default","ocean_breadcrumbs_color":"","ocean_breadcrumbs_separator_color":"","ocean_breadcrumbs_links_color":"","ocean_breadcrumbs_links_hover_color":"","ocean_display_footer_widgets":"default","ocean_display_footer_bottom":"default","ocean_custom_footer_template":"0","footnotes":""},"class_list":["post-88","page","type-page","status-publish","hentry","entry"],"_links":{"self":[{"href":"https:\/\/www.art-greed.com\/index.php?rest_route=\/wp\/v2\/pages\/88","targetHints":{"allow":["GET"]}}],"collection":[{"href":"https:\/\/www.art-greed.com\/index.php?rest_route=\/wp\/v2\/pages"}],"about":[{"href":"https:\/\/www.art-greed.com\/index.php?rest_route=\/wp\/v2\/types\/page"}],"author":[{"embeddable":true,"href":"https:\/\/www.art-greed.com\/index.php?rest_route=\/wp\/v2\/users\/1"}],"replies":[{"embeddable":true,"href":"https:\/\/www.art-greed.com\/index.php?rest_route=%2Fwp%2Fv2%2Fcomments&post=88"}],"version-history":[{"count":22,"href":"https:\/\/www.art-greed.com\/index.php?rest_route=\/wp\/v2\/pages\/88\/revisions"}],"predecessor-version":[{"id":1330,"href":"https:\/\/www.art-greed.com\/index.php?rest_route=\/wp\/v2\/pages\/88\/revisions\/1330"}],"wp:attachment":[{"href":"https:\/\/www.art-greed.com\/index.php?rest_route=%2Fwp%2Fv2%2Fmedia&parent=88"}],"curies":[{"name":"wp","href":"https:\/\/api.w.org\/{rel}","templated":true}]}}